{"id":8257,"date":"2024-11-05T18:27:46","date_gmt":"2024-11-05T23:27:46","guid":{"rendered":"https:\/\/grafity-eu.com\/web2\/?post_type=product&#038;p=8257"},"modified":"2024-11-05T18:34:27","modified_gmt":"2024-11-05T23:34:27","slug":"ref-gf1421-toy-2-pearl-moschino-para-hombre-y-mujer","status":"publish","type":"product","link":"https:\/\/grafity-eu.com\/web2\/producto\/ref-gf1421-toy-2-pearl-moschino-para-hombre-y-mujer\/","title":{"rendered":"REF GF1421 TOY 2 PEARL MOSCHINO PARA HOMBRE Y MUJER"},"content":{"rendered":"<p><strong>Descripci\u00f3n\u00a0<\/strong><\/p>\n<p>Marca: Moschino<\/p>\n<p>Modelo: Toy 2 pearl<\/p>\n<p>Referencias:\u00a0GF1421<\/p>\n<p>G\u00e9nero: Hombre y mujer<\/p>\n<p>Contenido: 100 ml<\/p>\n<p>Ocasi\u00f3n: D\u00eda y Noche<\/p>\n<p>Aroma: Floral &#8211; Frutal<\/p>\n<p>Condici\u00f3n del producto: Nuevo<\/p>\n<p>Notas de Coraz\u00f3n: jazm\u00edn, arena, esencia de vetiver LMR, fresia<\/p>\n<p>Notas de Salida: Lim\u00f3n (Lima \u00c1cida), Sorbete Y Or\u00e9gano<\/p>\n<p>Notas de Fondo: Almizcle, Cipr\u00e9s Y Vetiver.<\/p>\n<p>No testeado en Animales<\/p>\n<p>&nbsp;<\/p>\n<p>TOY 2 PEARL MOSCHINO, Un perfume que recuerda los fondos marinos y el n\u00e1car de Tahit\u00ed. Su frasco refleja el estilo y el refinamiento de la singularidad y una fragancia de exquisitez absoluta.<\/p>\n<p>&nbsp;<\/p>\n<p>&nbsp;<\/p>\n","protected":false},"excerpt":{"rendered":"<p>calidad\u00a0<em><strong>AAA 1.1<\/strong><\/em><\/p>\n<p>TOY 2 PEARL MOSCHINO, Un perfume que recuerda los fondos marinos y el n\u00e1car de Tahit\u00ed. Su frasco refleja el estilo y el refinamiento de la singularidad y una fragancia de exquisitez absoluta.<\/p>\n","protected":false},"featured_media":8258,"template":"","meta":[],"product_cat":[41],"product_tag":[],"_links":{"self":[{"href":"https:\/\/grafity-eu.com\/web2\/wp-json\/wp\/v2\/product\/8257"}],"collection":[{"href":"https:\/\/grafity-eu.com\/web2\/wp-json\/wp\/v2\/product"}],"about":[{"href":"https:\/\/grafity-eu.com\/web2\/wp-json\/wp\/v2\/types\/product"}],"wp:featuredmedia":[{"embeddable":true,"href":"https:\/\/grafity-eu.com\/web2\/wp-json\/wp\/v2\/media\/8258"}],"wp:attachment":[{"href":"https:\/\/grafity-eu.com\/web2\/wp-json\/wp\/v2\/media?parent=8257"}],"wp:term":[{"taxonomy":"product_cat","embeddable":true,"href":"https:\/\/grafity-eu.com\/web2\/wp-json\/wp\/v2\/product_cat?post=8257"},{"taxonomy":"product_tag","embeddable":true,"href":"https:\/\/grafity-eu.com\/web2\/wp-json\/wp\/v2\/product_tag?post=8257"}],"curies":[{"name":"wp","href":"https:\/\/api.w.org\/{rel}","templated":true}]}}