{"id":8200,"date":"2024-02-29T20:01:16","date_gmt":"2024-03-01T01:01:16","guid":{"rendered":"https:\/\/grafity-eu.com\/web2\/?post_type=product&#038;p=8200"},"modified":"2024-02-29T20:02:50","modified_gmt":"2024-03-01T01:02:50","slug":"gf1417-my-burberry-burberry","status":"publish","type":"product","link":"https:\/\/grafity-eu.com\/web2\/producto\/gf1417-my-burberry-burberry\/","title":{"rendered":"GF1417 MY BURBERRY BURBERRY"},"content":{"rendered":"<p style=\"font-weight: 400;\">\u00a0Marca: Burberry<\/p>\n<p style=\"font-weight: 400;\">Modelo: Burberry<\/p>\n<p style=\"font-weight: 400;\">Referencias:\u00a0GF1417<\/p>\n<p style=\"font-weight: 400;\">G\u00e9nero: Mujer<\/p>\n<p style=\"font-weight: 400;\">Contenido: 90 ml<\/p>\n<p style=\"font-weight: 400;\">Ocasi\u00f3n: D\u00eda y Noche<\/p>\n<p style=\"font-weight: 400;\">Aroma: Floral<\/p>\n<p style=\"font-weight: 400;\">Condici\u00f3n del producto: Nuevo<\/p>\n<p style=\"font-weight: 400;\">Notas de Coraz\u00f3n: Pachul\u00ed, Rosa de Damasco, Rosa, Cuero, Violeta, Almizcle<\/p>\n<p style=\"font-weight: 400;\">Notas de Salida: Geranio, Fresia, Membrillo, Maracuy\u00e1 (Fruta de la pasi\u00f3n), Durazno (Melocot\u00f3n), Notas Verdes, Gardenia<\/p>\n<p style=\"font-weight: 400;\">Notas de Fondo: Guisante de Olor, Bergamota, Mandarina, Toronja (Pomelo), Lim\u00f3n (Lima \u00c1cida)<\/p>\n<p style=\"font-weight: 400;\">No testeado en Animales<\/p>\n<p>&nbsp;<\/p>\n<p style=\"font-weight: 400;\">MY BURBERRY, Un gran floral luminoso que captura la esencia de la belleza y delicadeza de un jard\u00edn londinense, el estilo que define perfectamente la personalidad de una mujer elegante y llena de glamour.<\/p>\n","protected":false},"excerpt":{"rendered":"<p>calidad\u00a0<em><strong>AAA 1.1<\/strong><\/em><\/p>\n<p>MY BURBERRY, Un gran floral luminoso que captura la esencia de la belleza y delicadeza de un jard\u00edn londinense, el estilo que define perfectamente la personalidad de una mujer elegante y llena de glamour.<\/p>\n","protected":false},"featured_media":8201,"template":"","meta":[],"product_cat":[41],"product_tag":[],"_links":{"self":[{"href":"https:\/\/grafity-eu.com\/web2\/wp-json\/wp\/v2\/product\/8200"}],"collection":[{"href":"https:\/\/grafity-eu.com\/web2\/wp-json\/wp\/v2\/product"}],"about":[{"href":"https:\/\/grafity-eu.com\/web2\/wp-json\/wp\/v2\/types\/product"}],"wp:featuredmedia":[{"embeddable":true,"href":"https:\/\/grafity-eu.com\/web2\/wp-json\/wp\/v2\/media\/8201"}],"wp:attachment":[{"href":"https:\/\/grafity-eu.com\/web2\/wp-json\/wp\/v2\/media?parent=8200"}],"wp:term":[{"taxonomy":"product_cat","embeddable":true,"href":"https:\/\/grafity-eu.com\/web2\/wp-json\/wp\/v2\/product_cat?post=8200"},{"taxonomy":"product_tag","embeddable":true,"href":"https:\/\/grafity-eu.com\/web2\/wp-json\/wp\/v2\/product_tag?post=8200"}],"curies":[{"name":"wp","href":"https:\/\/api.w.org\/{rel}","templated":true}]}}