{"id":8138,"date":"2024-02-29T19:25:49","date_gmt":"2024-03-01T00:25:49","guid":{"rendered":"https:\/\/grafity-eu.com\/web2\/?post_type=product&#038;p=8138"},"modified":"2024-02-29T19:26:23","modified_gmt":"2024-03-01T00:26:23","slug":"gf1412-baccarat-rouge-540-extrait-de-parfum-maison-francis-kurkdjian","status":"publish","type":"product","link":"https:\/\/grafity-eu.com\/web2\/producto\/gf1412-baccarat-rouge-540-extrait-de-parfum-maison-francis-kurkdjian\/","title":{"rendered":"GF1412 BACCARAT ROUGE 540 EXTRAIT DE PARFUM MAISON FRANCIS KURKDJIAN"},"content":{"rendered":"<p>Marca: Maison Francis Kurkdjian Paris<\/p>\n<p>Modelo: Baccarat Rouge 540<\/p>\n<p>Referencias:\u00a0GF1412<\/p>\n<p>G\u00e9nero: Hombre y Mujer<\/p>\n<p>Contenido: 200 ml<\/p>\n<p>Ocasi\u00f3n: D\u00eda y Noche<\/p>\n<p>Aroma: \u00c1mbar Floral<\/p>\n<p>Condici\u00f3n del producto: Nuevo<\/p>\n<p>Notas de Coraz\u00f3n: Jazm\u00edn Egipcio, Cedro<\/p>\n<p>Notas de Salida: Almendra Amarga, Azafr\u00e1n<\/p>\n<p>Notas de Fondo: \u00c1mbar Gris, Notas Amaderadas, Almizcle<\/p>\n<p>No testeado en Animales<\/p>\n<p>&nbsp;<\/p>\n<p>BACCARAT ROUGE 540 EXTRAIT DE PARFUM MAISON FRANCIS KURKDJIAN, Un perfume unisex que simboliza la alquimia de los sentidos, su combinaci\u00f3n de notas irradian un aroma extremadamente sensual, sofisticado y potente, que lo convierten en la versi\u00f3n m\u00e1s lujosa de la marca.<\/p>\n","protected":false},"excerpt":{"rendered":"<p>calidad\u00a0<em><strong>AAA 1.1<\/strong><\/em><\/p>\n<p>BACCARAT ROUGE 540 EXTRAIT DE PARFUM MAISON FRANCIS KURKDJIAN, Un perfume unisex que simboliza la alquimia de los sentidos, su combinaci\u00f3n de notas irradian un aroma extremadamente sensual, sofisticado y potente, que lo convierten en la versi\u00f3n m\u00e1s lujosa de la marca.<\/p>\n","protected":false},"featured_media":8139,"template":"","meta":[],"product_cat":[41],"product_tag":[],"_links":{"self":[{"href":"https:\/\/grafity-eu.com\/web2\/wp-json\/wp\/v2\/product\/8138"}],"collection":[{"href":"https:\/\/grafity-eu.com\/web2\/wp-json\/wp\/v2\/product"}],"about":[{"href":"https:\/\/grafity-eu.com\/web2\/wp-json\/wp\/v2\/types\/product"}],"wp:featuredmedia":[{"embeddable":true,"href":"https:\/\/grafity-eu.com\/web2\/wp-json\/wp\/v2\/media\/8139"}],"wp:attachment":[{"href":"https:\/\/grafity-eu.com\/web2\/wp-json\/wp\/v2\/media?parent=8138"}],"wp:term":[{"taxonomy":"product_cat","embeddable":true,"href":"https:\/\/grafity-eu.com\/web2\/wp-json\/wp\/v2\/product_cat?post=8138"},{"taxonomy":"product_tag","embeddable":true,"href":"https:\/\/grafity-eu.com\/web2\/wp-json\/wp\/v2\/product_tag?post=8138"}],"curies":[{"name":"wp","href":"https:\/\/api.w.org\/{rel}","templated":true}]}}