{"id":8111,"date":"2024-02-29T18:55:09","date_gmt":"2024-02-29T23:55:09","guid":{"rendered":"https:\/\/grafity-eu.com\/web2\/?post_type=product&#038;p=8111"},"modified":"2024-02-29T18:58:37","modified_gmt":"2024-02-29T23:58:37","slug":"gf1409-santos-de-cartier-cartier","status":"publish","type":"product","link":"https:\/\/grafity-eu.com\/web2\/producto\/gf1409-santos-de-cartier-cartier\/","title":{"rendered":"GF1409 SANTOS DE CARTIER CARTIER"},"content":{"rendered":"<p style=\"font-weight: 400;\">Marca: Cartier<\/p>\n<p style=\"font-weight: 400;\">Modelo: Santos De Cartier<\/p>\n<p style=\"font-weight: 400;\">Referencias:\u00a0GF\u00a01409<\/p>\n<p style=\"font-weight: 400;\">G\u00e9nero: Hombre<\/p>\n<p style=\"font-weight: 400;\">Contenido: 100 ml<\/p>\n<p style=\"font-weight: 400;\">Ocasi\u00f3n: D\u00eda y Noche<\/p>\n<p style=\"font-weight: 400;\">Aroma: \u00c1mbar &#8211; Amaderada<\/p>\n<p style=\"font-weight: 400;\">Condici\u00f3n del producto: Nuevo<\/p>\n<p style=\"font-weight: 400;\">Notas de coraz\u00f3n: Pimienta, Nuez Moscada, Vetiver, Romero, Geranio, Clavos de Olor, Esclarea<\/p>\n<p style=\"font-weight: 400;\">Notas de Salida: Lavanda, Bayas de Enebro, Albahaca, Cedr\u00f3n (Hierba Luisa, Verbena de Olor), Bergamota, G\u00e1lbano, Neroli<\/p>\n<p style=\"font-weight: 400;\">Notas de Fondo: S\u00e1ndalo, \u00c1mbar, Coco, Pachuli, Vainilla, Cedro<\/p>\n<p style=\"font-weight: 400;\">No testeado en Animales<\/p>\n<p>&nbsp;<\/p>\n<p style=\"font-weight: 400;\">SANTOS DE CARTIER CARTIER, La combinaci\u00f3n perfecta entre lujo y elegancia, que desaf\u00eda el exceso arom\u00e1tico con el frescor de sus notas sensuales y envolventes, aport\u00e1ndole una pizca de misterio que despierta la curiosidad de todos los que te rodean. Ideal para aquellos hombres que no temen mostrarse tal cual son.<\/p>\n","protected":false},"excerpt":{"rendered":"<p>calidad\u00a0<em><strong>AAA 1.1<\/strong><\/em><\/p>\n<p>SANTOS DE CARTIER CARTIER, La combinaci\u00f3n perfecta entre lujo y elegancia, que desaf\u00eda el exceso arom\u00e1tico con el frescor de sus notas sensuales y envolventes, aport\u00e1ndole una pizca de misterio que despierta la curiosidad de todos los que te rodean. Ideal para aquellos hombres que no temen mostrarse tal cual son.<\/p>\n","protected":false},"featured_media":8112,"template":"","meta":[],"product_cat":[41],"product_tag":[],"_links":{"self":[{"href":"https:\/\/grafity-eu.com\/web2\/wp-json\/wp\/v2\/product\/8111"}],"collection":[{"href":"https:\/\/grafity-eu.com\/web2\/wp-json\/wp\/v2\/product"}],"about":[{"href":"https:\/\/grafity-eu.com\/web2\/wp-json\/wp\/v2\/types\/product"}],"wp:featuredmedia":[{"embeddable":true,"href":"https:\/\/grafity-eu.com\/web2\/wp-json\/wp\/v2\/media\/8112"}],"wp:attachment":[{"href":"https:\/\/grafity-eu.com\/web2\/wp-json\/wp\/v2\/media?parent=8111"}],"wp:term":[{"taxonomy":"product_cat","embeddable":true,"href":"https:\/\/grafity-eu.com\/web2\/wp-json\/wp\/v2\/product_cat?post=8111"},{"taxonomy":"product_tag","embeddable":true,"href":"https:\/\/grafity-eu.com\/web2\/wp-json\/wp\/v2\/product_tag?post=8111"}],"curies":[{"name":"wp","href":"https:\/\/api.w.org\/{rel}","templated":true}]}}