{"id":8086,"date":"2024-02-29T18:38:29","date_gmt":"2024-02-29T23:38:29","guid":{"rendered":"https:\/\/grafity-eu.com\/web2\/?post_type=product&#038;p=8086"},"modified":"2024-02-29T18:39:08","modified_gmt":"2024-02-29T23:39:08","slug":"gf1406-halston-z14-halston","status":"publish","type":"product","link":"https:\/\/grafity-eu.com\/web2\/producto\/gf1406-halston-z14-halston\/","title":{"rendered":"GF1406 HALSTON Z14 HALSTON"},"content":{"rendered":"<p style=\"font-weight: 400;\">Marca: Halston<\/p>\n<p style=\"font-weight: 400;\">Modelo: Halston Z14<\/p>\n<p style=\"font-weight: 400;\">Referencias:\u00a0GF\u00a01406<\/p>\n<p style=\"font-weight: 400;\">G\u00e9nero: Hombre<\/p>\n<p style=\"font-weight: 400;\">Contenido: 125 ml<\/p>\n<p style=\"font-weight: 400;\">Ocasi\u00f3n: D\u00eda y Noche<\/p>\n<p style=\"font-weight: 400;\">Aroma: Cuero<\/p>\n<p style=\"font-weight: 400;\">Condici\u00f3n del producto: Nuevo<\/p>\n<p style=\"font-weight: 400;\">Notas de coraz\u00f3n: Canela, Vetiver, Pachuli, Cedro, Cilantro, Geranio, Jazm\u00edn<\/p>\n<p style=\"font-weight: 400;\">Notas de Salida: Cipr\u00e9s, Lim\u00f3n (Lima \u00c1cida), Bergamota, Notas Verdes, Albahaca, Gardenia<\/p>\n<p style=\"font-weight: 400;\">Notas de Fondo: Cuero, Musgo de Roble, Benju\u00ed, \u00c1mbar, Almizcle, Haba Tonka<\/p>\n<p style=\"font-weight: 400;\">No testeado en Animales<\/p>\n<p>&nbsp;<\/p>\n<p style=\"font-weight: 400;\">HALSTON Z14 HALSTON, Un perfume sensual, caliente y sexy, con una incre\u00edble mezcla de notas que le otorgan profundidad y un aroma verdaderamente masculino. Creado para aquel hombre que vive con comodidad, siendo la elegancia su principal arsenal de conquista.<\/p>\n","protected":false},"excerpt":{"rendered":"<p>calidad\u00a0<em><strong>AAA 1.1<\/strong><\/em><\/p>\n<p>HALSTON Z14 HALSTON, Un perfume sensual, caliente y sexy, con una incre\u00edble mezcla de notas que le otorgan profundidad y un aroma verdaderamente masculino. Creado para aquel hombre que vive con comodidad, siendo la elegancia su principal arsenal de conquista.<\/p>\n","protected":false},"featured_media":8087,"template":"","meta":[],"product_cat":[41],"product_tag":[],"_links":{"self":[{"href":"https:\/\/grafity-eu.com\/web2\/wp-json\/wp\/v2\/product\/8086"}],"collection":[{"href":"https:\/\/grafity-eu.com\/web2\/wp-json\/wp\/v2\/product"}],"about":[{"href":"https:\/\/grafity-eu.com\/web2\/wp-json\/wp\/v2\/types\/product"}],"wp:featuredmedia":[{"embeddable":true,"href":"https:\/\/grafity-eu.com\/web2\/wp-json\/wp\/v2\/media\/8087"}],"wp:attachment":[{"href":"https:\/\/grafity-eu.com\/web2\/wp-json\/wp\/v2\/media?parent=8086"}],"wp:term":[{"taxonomy":"product_cat","embeddable":true,"href":"https:\/\/grafity-eu.com\/web2\/wp-json\/wp\/v2\/product_cat?post=8086"},{"taxonomy":"product_tag","embeddable":true,"href":"https:\/\/grafity-eu.com\/web2\/wp-json\/wp\/v2\/product_tag?post=8086"}],"curies":[{"name":"wp","href":"https:\/\/api.w.org\/{rel}","templated":true}]}}