{"id":7960,"date":"2024-02-27T13:27:17","date_gmt":"2024-02-27T18:27:17","guid":{"rendered":"https:\/\/grafity-eu.com\/web2\/?post_type=product&#038;p=7960"},"modified":"2024-02-27T13:28:33","modified_gmt":"2024-02-27T18:28:33","slug":"gf1393-game-of-spades-ace-jo-milano-paris","status":"publish","type":"product","link":"https:\/\/grafity-eu.com\/web2\/producto\/gf1393-game-of-spades-ace-jo-milano-paris\/","title":{"rendered":"GF1393 GAME OF SPADES ACE JO MILANO PARIS"},"content":{"rendered":"<p style=\"font-weight: 400;\">Marca: Jo Milano<\/p>\n<p style=\"font-weight: 400;\">Modelo: Game Of Spades Ace<\/p>\n<p style=\"font-weight: 400;\">Referencias:\u00a0GF\u00a01393<\/p>\n<p style=\"font-weight: 400;\">G\u00e9nero: Hombre y Mujer<\/p>\n<p style=\"font-weight: 400;\">Contenido: 100 ml<\/p>\n<p style=\"font-weight: 400;\">Ocasi\u00f3n: D\u00eda y Noche<\/p>\n<p style=\"font-weight: 400;\">Aroma: C\u00edtrica \u2013Arom\u00e1tica<\/p>\n<p style=\"font-weight: 400;\">Condici\u00f3n del producto: Nuevo<\/p>\n<p style=\"font-weight: 400;\">Notas de coraz\u00f3n: Especias<\/p>\n<p style=\"font-weight: 400;\">Notas de Salida: Entusiasmo de Lim\u00f3n, Flor de Azahar del Naranjo<\/p>\n<p style=\"font-weight: 400;\">Notas de Fondo: S\u00e1ndalo, Almizcle, \u00c1mbar<\/p>\n<p style=\"font-weight: 400;\">No testeado en Animales<\/p>\n<p>&nbsp;<\/p>\n<p style=\"font-weight: 400;\">GAME OF SPADES ACE JO MILANO PARIS, Un perfume unisex, lanzado en el a\u00f1o 2021, con un aroma que cautiva y una excelente proyecci\u00f3n a distancia. Sus notas vaporizan elegancia, estilo y sofisticaci\u00f3n. Una fragancia con la que no parar\u00e1s de recibir elogios.<\/p>\n","protected":false},"excerpt":{"rendered":"<p>calidad\u00a0<em><strong>AAA 1.1<\/strong><\/em><\/p>\n<p>GAME OF SPADES ACE JO MILANO PARIS, Un perfume unisex, lanzado en el a\u00f1o 2021, con un aroma que cautiva y una excelente proyecci\u00f3n a distancia. Sus notas vaporizan elegancia, estilo y sofisticaci\u00f3n. Una fragancia con la que no parar\u00e1s de recibir elogios.<\/p>\n","protected":false},"featured_media":7961,"template":"","meta":[],"product_cat":[41],"product_tag":[],"_links":{"self":[{"href":"https:\/\/grafity-eu.com\/web2\/wp-json\/wp\/v2\/product\/7960"}],"collection":[{"href":"https:\/\/grafity-eu.com\/web2\/wp-json\/wp\/v2\/product"}],"about":[{"href":"https:\/\/grafity-eu.com\/web2\/wp-json\/wp\/v2\/types\/product"}],"wp:featuredmedia":[{"embeddable":true,"href":"https:\/\/grafity-eu.com\/web2\/wp-json\/wp\/v2\/media\/7961"}],"wp:attachment":[{"href":"https:\/\/grafity-eu.com\/web2\/wp-json\/wp\/v2\/media?parent=7960"}],"wp:term":[{"taxonomy":"product_cat","embeddable":true,"href":"https:\/\/grafity-eu.com\/web2\/wp-json\/wp\/v2\/product_cat?post=7960"},{"taxonomy":"product_tag","embeddable":true,"href":"https:\/\/grafity-eu.com\/web2\/wp-json\/wp\/v2\/product_tag?post=7960"}],"curies":[{"name":"wp","href":"https:\/\/api.w.org\/{rel}","templated":true}]}}