{"id":7897,"date":"2024-02-26T20:48:34","date_gmt":"2024-02-27T01:48:34","guid":{"rendered":"https:\/\/grafity-eu.com\/web2\/?post_type=product&#038;p=7897"},"modified":"2024-02-26T20:50:00","modified_gmt":"2024-02-27T01:50:00","slug":"gf1387-leau-dissey-pour-homme-intense-issey-miyake","status":"publish","type":"product","link":"https:\/\/grafity-eu.com\/web2\/producto\/gf1387-leau-dissey-pour-homme-intense-issey-miyake\/","title":{"rendered":"GF1387 L`EAU D`ISSEY POUR HOMME INTENSE ISSEY MIYAKE"},"content":{"rendered":"<p style=\"font-weight: 400;\">Marca: Issey Miyake<\/p>\n<p style=\"font-weight: 400;\">Modelo: L\u2019Eau D\u2019issey Pour Homme Intense<\/p>\n<p style=\"font-weight: 400;\">Referencias:\u00a0GF\u00a01387<\/p>\n<p style=\"font-weight: 400;\">G\u00e9nero: Hombre<\/p>\n<p style=\"font-weight: 400;\">Contenido: 125 ml<\/p>\n<p style=\"font-weight: 400;\">Ocasi\u00f3n: D\u00eda y Noche<\/p>\n<p style=\"font-weight: 400;\">Aroma: Amaderado<\/p>\n<p style=\"font-weight: 400;\">Condici\u00f3n del producto: Nuevo<\/p>\n<p style=\"font-weight: 400;\">Notas de coraz\u00f3n: Nuez Moscada, Flor de Loto, Canela, Cardamomo, Azafr\u00e1n<\/p>\n<p style=\"font-weight: 400;\">Notas de Salida: Yuzu, Bergamota, Naranja Dulce, Mandarina<\/p>\n<p style=\"font-weight: 400;\">Notas de Fondo: Incienso, Papiro de Egipto, \u00c1mbar Gris, Benju\u00ed, \u00c1mbar<\/p>\n<p style=\"font-weight: 400;\">No testeado en Animales<\/p>\n<p>&nbsp;<\/p>\n<p style=\"font-weight: 400;\">L`EAU D`ISSEY POUR HOMME INTENSE ISSEY MIYAKE, Una fragancia nueva, completamente cautivadora. Su aroma refinado, intenso y sensual definen la versi\u00f3n aut\u00e9ntica y contundente de un hombre elegante y con car\u00e1cter.<\/p>\n","protected":false},"excerpt":{"rendered":"<p>calidad\u00a0<em><strong>AAA 1.1<\/strong><\/em><\/p>\n<p>L`EAU D`ISSEY POUR HOMME INTENSE ISSEY MIYAKE, Una fragancia nueva, completamente cautivadora. Su aroma refinado, intenso y sensual definen la versi\u00f3n aut\u00e9ntica y contundente de un hombre elegante y con car\u00e1cter.<\/p>\n","protected":false},"featured_media":7898,"template":"","meta":[],"product_cat":[41],"product_tag":[],"_links":{"self":[{"href":"https:\/\/grafity-eu.com\/web2\/wp-json\/wp\/v2\/product\/7897"}],"collection":[{"href":"https:\/\/grafity-eu.com\/web2\/wp-json\/wp\/v2\/product"}],"about":[{"href":"https:\/\/grafity-eu.com\/web2\/wp-json\/wp\/v2\/types\/product"}],"wp:featuredmedia":[{"embeddable":true,"href":"https:\/\/grafity-eu.com\/web2\/wp-json\/wp\/v2\/media\/7898"}],"wp:attachment":[{"href":"https:\/\/grafity-eu.com\/web2\/wp-json\/wp\/v2\/media?parent=7897"}],"wp:term":[{"taxonomy":"product_cat","embeddable":true,"href":"https:\/\/grafity-eu.com\/web2\/wp-json\/wp\/v2\/product_cat?post=7897"},{"taxonomy":"product_tag","embeddable":true,"href":"https:\/\/grafity-eu.com\/web2\/wp-json\/wp\/v2\/product_tag?post=7897"}],"curies":[{"name":"wp","href":"https:\/\/api.w.org\/{rel}","templated":true}]}}