{"id":7887,"date":"2024-02-26T20:43:36","date_gmt":"2024-02-27T01:43:36","guid":{"rendered":"https:\/\/grafity-eu.com\/web2\/?post_type=product&#038;p=7887"},"modified":"2024-02-26T20:44:23","modified_gmt":"2024-02-27T01:44:23","slug":"gf1386-mercedes-benz-mercedes-benz","status":"publish","type":"product","link":"https:\/\/grafity-eu.com\/web2\/producto\/gf1386-mercedes-benz-mercedes-benz\/","title":{"rendered":"GF1386 MERCEDES-BENZ MERCEDES-BENZ"},"content":{"rendered":"<p style=\"font-weight: 400;\">Marca: Mercedes Benz<\/p>\n<p style=\"font-weight: 400;\">Modelo: Mercedes Benz<\/p>\n<p style=\"font-weight: 400;\">Referencias:\u00a0GF\u00a01386<\/p>\n<p style=\"font-weight: 400;\">G\u00e9nero: Hombre<\/p>\n<p style=\"font-weight: 400;\">Contenido: 120 ml<\/p>\n<p style=\"font-weight: 400;\">Ocasi\u00f3n: D\u00eda y Noche<\/p>\n<p style=\"font-weight: 400;\">Aroma: Amaderado<\/p>\n<p style=\"font-weight: 400;\">Condici\u00f3n del producto: Nuevo<\/p>\n<p style=\"font-weight: 400;\">Notas de coraz\u00f3n: Violeta, Pimienta, G\u00e1lbano, Nuez Moscada<\/p>\n<p style=\"font-weight: 400;\">Notas de Salida: Bergamota, Lim\u00f3n de Amalfi, Mandarina<\/p>\n<p style=\"font-weight: 400;\">Notas de Fondo: Vetiver, Cedro de Virginia, Pachul\u00ed<\/p>\n<p style=\"font-weight: 400;\">No testeado en Animales<\/p>\n<p>&nbsp;<\/p>\n<p style=\"font-weight: 400;\">MERCEDES-BENZ MERCEDES-BENZ, Un perfume cl\u00e1sico, poderoso y potente, con una incre\u00edble mezcla de sofisticaci\u00f3n que cautiva e hipnotiza los sentidos, no solo de quien lo lleva, sino tambi\u00e9n de quienes est\u00e1n a tu alrededor.<\/p>\n","protected":false},"excerpt":{"rendered":"<p>calidad\u00a0<em><strong>AAA 1.1<\/strong><\/em><\/p>\n<p>MERCEDES-BENZ MERCEDES-BENZ, Un perfume cl\u00e1sico, poderoso y potente, con una incre\u00edble mezcla de sofisticaci\u00f3n que cautiva e hipnotiza los sentidos, no solo de quien lo lleva, sino tambi\u00e9n de quienes est\u00e1n a tu alrededor.<\/p>\n","protected":false},"featured_media":7888,"template":"","meta":[],"product_cat":[41],"product_tag":[],"_links":{"self":[{"href":"https:\/\/grafity-eu.com\/web2\/wp-json\/wp\/v2\/product\/7887"}],"collection":[{"href":"https:\/\/grafity-eu.com\/web2\/wp-json\/wp\/v2\/product"}],"about":[{"href":"https:\/\/grafity-eu.com\/web2\/wp-json\/wp\/v2\/types\/product"}],"wp:featuredmedia":[{"embeddable":true,"href":"https:\/\/grafity-eu.com\/web2\/wp-json\/wp\/v2\/media\/7888"}],"wp:attachment":[{"href":"https:\/\/grafity-eu.com\/web2\/wp-json\/wp\/v2\/media?parent=7887"}],"wp:term":[{"taxonomy":"product_cat","embeddable":true,"href":"https:\/\/grafity-eu.com\/web2\/wp-json\/wp\/v2\/product_cat?post=7887"},{"taxonomy":"product_tag","embeddable":true,"href":"https:\/\/grafity-eu.com\/web2\/wp-json\/wp\/v2\/product_tag?post=7887"}],"curies":[{"name":"wp","href":"https:\/\/api.w.org\/{rel}","templated":true}]}}