{"id":7854,"date":"2024-02-26T18:01:07","date_gmt":"2024-02-26T23:01:07","guid":{"rendered":"https:\/\/grafity-eu.com\/web2\/?post_type=product&#038;p=7854"},"modified":"2024-02-26T18:01:37","modified_gmt":"2024-02-26T23:01:37","slug":"gf1383-team-five-adidas","status":"publish","type":"product","link":"https:\/\/grafity-eu.com\/web2\/producto\/gf1383-team-five-adidas\/","title":{"rendered":"GF1383 TEAM FIVE ADIDAS"},"content":{"rendered":"<p style=\"font-weight: 400;\">Marca: Adidas<\/p>\n<p style=\"font-weight: 400;\">Modelo: Team Five<\/p>\n<p style=\"font-weight: 400;\">Referencias:\u00a0GF\u00a01383<\/p>\n<p style=\"font-weight: 400;\">G\u00e9nero: Hombre<\/p>\n<p style=\"font-weight: 400;\">Contenido: 100 ml<\/p>\n<p style=\"font-weight: 400;\">Ocasi\u00f3n: D\u00eda y Noche<\/p>\n<p style=\"font-weight: 400;\">Aroma: Arom\u00e1tica<\/p>\n<p style=\"font-weight: 400;\">Condici\u00f3n del producto: Nuevo<\/p>\n<p style=\"font-weight: 400;\">Notas de coraz\u00f3n: Lavanda, Menta, Salvia, Pino<\/p>\n<p style=\"font-weight: 400;\">Notas de Salida: Manzana Verde, Lim\u00f3n (Lima \u00c1cida), Albahaca<\/p>\n<p style=\"font-weight: 400;\">Notas de Fondo: Benju\u00ed, \u00c1mbar<\/p>\n<p style=\"font-weight: 400;\">No testeado en Animales<\/p>\n<p>&nbsp;<\/p>\n<p style=\"font-weight: 400;\">TEAM FIVE ADIDAS, Un perfume inspirado en aquellos hombres que aman el deporte. Sus notas c\u00edtricas le dan un toque de vida, haci\u00e9ndolo perfecto para quienes buscan una fragancia que refleje su esp\u00edritu activo y sea una gran compa\u00f1\u00eda en su d\u00eda a d\u00eda.<\/p>\n","protected":false},"excerpt":{"rendered":"<p>calidad\u00a0<em><strong>AAA 1.1<\/strong><\/em><\/p>\n<p>TEAM FIVE ADIDAS, Un perfume inspirado en aquellos hombres que aman el deporte. Sus notas c\u00edtricas le dan un toque de vida, haci\u00e9ndolo perfecto para quienes buscan una fragancia que refleje su esp\u00edritu activo y sea una gran compa\u00f1\u00eda en su d\u00eda a d\u00eda.<\/p>\n","protected":false},"featured_media":7855,"template":"","meta":[],"product_cat":[41],"product_tag":[],"_links":{"self":[{"href":"https:\/\/grafity-eu.com\/web2\/wp-json\/wp\/v2\/product\/7854"}],"collection":[{"href":"https:\/\/grafity-eu.com\/web2\/wp-json\/wp\/v2\/product"}],"about":[{"href":"https:\/\/grafity-eu.com\/web2\/wp-json\/wp\/v2\/types\/product"}],"wp:featuredmedia":[{"embeddable":true,"href":"https:\/\/grafity-eu.com\/web2\/wp-json\/wp\/v2\/media\/7855"}],"wp:attachment":[{"href":"https:\/\/grafity-eu.com\/web2\/wp-json\/wp\/v2\/media?parent=7854"}],"wp:term":[{"taxonomy":"product_cat","embeddable":true,"href":"https:\/\/grafity-eu.com\/web2\/wp-json\/wp\/v2\/product_cat?post=7854"},{"taxonomy":"product_tag","embeddable":true,"href":"https:\/\/grafity-eu.com\/web2\/wp-json\/wp\/v2\/product_tag?post=7854"}],"curies":[{"name":"wp","href":"https:\/\/api.w.org\/{rel}","templated":true}]}}