{"id":7845,"date":"2024-02-26T17:54:43","date_gmt":"2024-02-26T22:54:43","guid":{"rendered":"https:\/\/grafity-eu.com\/web2\/?post_type=product&#038;p=7845"},"modified":"2024-02-26T17:55:48","modified_gmt":"2024-02-26T22:55:48","slug":"gf1382-swiss-army-altitude-victorinox-swiss-army","status":"publish","type":"product","link":"https:\/\/grafity-eu.com\/web2\/producto\/gf1382-swiss-army-altitude-victorinox-swiss-army\/","title":{"rendered":"GF1382 SWISS ARMY ALTITUDE VICTORINOX SWISS ARMY"},"content":{"rendered":"<p style=\"font-weight: 400;\">Marca: Victorinox Swiss Army<\/p>\n<p style=\"font-weight: 400;\">Modelo: Altitude<\/p>\n<p style=\"font-weight: 400;\">Referencias:\u00a0GF\u00a01382<\/p>\n<p style=\"font-weight: 400;\">G\u00e9nero: Hombre<\/p>\n<p style=\"font-weight: 400;\">Contenido: 100 ml<\/p>\n<p style=\"font-weight: 400;\">Ocasi\u00f3n: D\u00eda y Noche<\/p>\n<p style=\"font-weight: 400;\">Aroma: Amaderada \u2013 Arom\u00e1tica<\/p>\n<p style=\"font-weight: 400;\">Condici\u00f3n del producto: Nuevo<\/p>\n<p style=\"font-weight: 400;\">Notas de coraz\u00f3n: Menta, Salvia, G\u00e1lbano<\/p>\n<p style=\"font-weight: 400;\">Notas de Salida: Bayas de Enebro, Cedro de Virginia, Cilantro<\/p>\n<p style=\"font-weight: 400;\">Notas de Fondo: Notas Amaderadas, Almizcle<\/p>\n<p style=\"font-weight: 400;\">No testeado en Animales<\/p>\n<p>&nbsp;<\/p>\n<p style=\"font-weight: 400;\">SWISS ARMY ALTITUDE VICTORINOX, Una fragancia inspirada en el poder\u00edo y la majestuosidad de las monta\u00f1as suizas. Su aroma fresco y embriagador vaporiza la naturalidad de la seducci\u00f3n, describiendo la personalidad de aquellos hombres que siempre buscan llegar a la cima.<\/p>\n","protected":false},"excerpt":{"rendered":"<p>calidad\u00a0<em><strong>AAA 1.1<\/strong><\/em><\/p>\n<p>SWISS ARMY ALTITUDE VICTORINOX, Una fragancia inspirada en el poder\u00edo y la majestuosidad de las monta\u00f1as suizas. Su aroma fresco y embriagador vaporiza la naturalidad de la seducci\u00f3n, describiendo la personalidad de aquellos hombres que siempre buscan llegar a la cima.<\/p>\n","protected":false},"featured_media":7846,"template":"","meta":[],"product_cat":[41],"product_tag":[],"_links":{"self":[{"href":"https:\/\/grafity-eu.com\/web2\/wp-json\/wp\/v2\/product\/7845"}],"collection":[{"href":"https:\/\/grafity-eu.com\/web2\/wp-json\/wp\/v2\/product"}],"about":[{"href":"https:\/\/grafity-eu.com\/web2\/wp-json\/wp\/v2\/types\/product"}],"wp:featuredmedia":[{"embeddable":true,"href":"https:\/\/grafity-eu.com\/web2\/wp-json\/wp\/v2\/media\/7846"}],"wp:attachment":[{"href":"https:\/\/grafity-eu.com\/web2\/wp-json\/wp\/v2\/media?parent=7845"}],"wp:term":[{"taxonomy":"product_cat","embeddable":true,"href":"https:\/\/grafity-eu.com\/web2\/wp-json\/wp\/v2\/product_cat?post=7845"},{"taxonomy":"product_tag","embeddable":true,"href":"https:\/\/grafity-eu.com\/web2\/wp-json\/wp\/v2\/product_tag?post=7845"}],"curies":[{"name":"wp","href":"https:\/\/api.w.org\/{rel}","templated":true}]}}