{"id":7835,"date":"2024-02-26T17:48:06","date_gmt":"2024-02-26T22:48:06","guid":{"rendered":"https:\/\/grafity-eu.com\/web2\/?post_type=product&#038;p=7835"},"modified":"2024-02-26T17:49:24","modified_gmt":"2024-02-26T22:49:24","slug":"gf1381-presence-montblanc","status":"publish","type":"product","link":"https:\/\/grafity-eu.com\/web2\/producto\/gf1381-presence-montblanc\/","title":{"rendered":"GF1381 PRESENCE MONTBLANC"},"content":{"rendered":"<p style=\"font-weight: 400;\">Marca: Montblanc<\/p>\n<p style=\"font-weight: 400;\">Modelo: Presence<\/p>\n<p style=\"font-weight: 400;\">Referencias:\u00a0GF\u00a01381<\/p>\n<p style=\"font-weight: 400;\">G\u00e9nero: Hombre<\/p>\n<p style=\"font-weight: 400;\">Contenido: 75 ml<\/p>\n<p style=\"font-weight: 400;\">Ocasi\u00f3n: D\u00eda y Noche<\/p>\n<p style=\"font-weight: 400;\">Aroma: \u00c1mbar \u2013 Especiada<\/p>\n<p style=\"font-weight: 400;\">Condici\u00f3n del producto: Nuevo<\/p>\n<p style=\"font-weight: 400;\">Notas de coraz\u00f3n: Manzana, Heliotropo, Salvia<\/p>\n<p style=\"font-weight: 400;\">Notas de Salida: Canela, Cardamomo, Jengibre, Bergamota<\/p>\n<p style=\"font-weight: 400;\">Notas de Fondo: Haba Tonka, S\u00e1ndalo, Almizcle Blanco, \u00c1mbar, Madera Teca<\/p>\n<p style=\"font-weight: 400;\">No testeado en Animales<\/p>\n<p>&nbsp;<\/p>\n<p style=\"font-weight: 400;\">PRESENCE MONTBLANC, La combinaci\u00f3n perfecta entre estilo y encanto. Un perfume que cautiva con cada una de sus notas. Su aroma varonil, magn\u00e9tico y elegante, exalta la masculinidad del hombre cl\u00e1sico e irresistiblemente seductor.<\/p>\n","protected":false},"excerpt":{"rendered":"<p>calidad\u00a0<em><strong>AAA 1.1<\/strong><\/em><\/p>\n<p>PRESENCE MONTBLANC, La combinaci\u00f3n perfecta entre estilo y encanto. Un perfume que cautiva con cada una de sus notas. Su aroma varonil, magn\u00e9tico y elegante, exalta la masculinidad del hombre cl\u00e1sico e irresistiblemente seductor.<\/p>\n","protected":false},"featured_media":7836,"template":"","meta":[],"product_cat":[41],"product_tag":[],"_links":{"self":[{"href":"https:\/\/grafity-eu.com\/web2\/wp-json\/wp\/v2\/product\/7835"}],"collection":[{"href":"https:\/\/grafity-eu.com\/web2\/wp-json\/wp\/v2\/product"}],"about":[{"href":"https:\/\/grafity-eu.com\/web2\/wp-json\/wp\/v2\/types\/product"}],"wp:featuredmedia":[{"embeddable":true,"href":"https:\/\/grafity-eu.com\/web2\/wp-json\/wp\/v2\/media\/7836"}],"wp:attachment":[{"href":"https:\/\/grafity-eu.com\/web2\/wp-json\/wp\/v2\/media?parent=7835"}],"wp:term":[{"taxonomy":"product_cat","embeddable":true,"href":"https:\/\/grafity-eu.com\/web2\/wp-json\/wp\/v2\/product_cat?post=7835"},{"taxonomy":"product_tag","embeddable":true,"href":"https:\/\/grafity-eu.com\/web2\/wp-json\/wp\/v2\/product_tag?post=7835"}],"curies":[{"name":"wp","href":"https:\/\/api.w.org\/{rel}","templated":true}]}}