{"id":7816,"date":"2024-02-23T21:36:29","date_gmt":"2024-02-24T02:36:29","guid":{"rendered":"https:\/\/grafity-eu.com\/web2\/?post_type=product&#038;p=7816"},"modified":"2024-02-23T21:37:05","modified_gmt":"2024-02-24T02:37:05","slug":"gf1379-wood-for-her-dsquared2","status":"publish","type":"product","link":"https:\/\/grafity-eu.com\/web2\/producto\/gf1379-wood-for-her-dsquared2\/","title":{"rendered":"GF1379 WOOD FOR HER DSQUARED2"},"content":{"rendered":"<p style=\"font-weight: 400;\">Marca: Dsquared<\/p>\n<p style=\"font-weight: 400;\">Modelo: Wood For Her<\/p>\n<p style=\"font-weight: 400;\">Referencias:\u00a0GF\u00a01379<\/p>\n<p style=\"font-weight: 400;\">G\u00e9nero: Mujer<\/p>\n<p style=\"font-weight: 400;\">Contenido: 100 ml<\/p>\n<p style=\"font-weight: 400;\">Ocasi\u00f3n: Noche<\/p>\n<p style=\"font-weight: 400;\">Aroma: Almizcle Floral Amaderado<\/p>\n<p style=\"font-weight: 400;\">Condici\u00f3n del producto: Nuevo<\/p>\n<p style=\"font-weight: 400;\">Notas de coraz\u00f3n: Osmanto (Olivo Oloroso), Jazm\u00edn<\/p>\n<p style=\"font-weight: 400;\">Notas de Salida: Hojas de Frambuesa, Magnolia, Mandarina, Lirio de los Valles (Muguete)<\/p>\n<p style=\"font-weight: 400;\">Notas de Fondo: Maderas Blancas, Ambroxan, Cedro<\/p>\n<p style=\"font-weight: 400;\">No testeado en Animales<\/p>\n<p>&nbsp;<\/p>\n<p style=\"font-weight: 400;\">WOOD FOR HER DSQUARED, Una fragancia inspirada en las mujeres fuertes, resistentes, que tienen seguridad en s\u00ed mismas y viven su pasi\u00f3n al m\u00e1ximo. Su aroma evoca una mezcla de sus diferentes notas, formando una composici\u00f3n brillante y femenina, que cautiva.<\/p>\n","protected":false},"excerpt":{"rendered":"<p>calidad\u00a0<em><strong>AAA 1.1<\/strong><\/em><\/p>\n<p>WOOD FOR HER DSQUARED, Una fragancia inspirada en las mujeres fuertes, resistentes, que tienen seguridad en s\u00ed mismas y viven su pasi\u00f3n al m\u00e1ximo. Su aroma evoca una mezcla de sus diferentes notas, formando una composici\u00f3n brillante y femenina, que cautiva.<\/p>\n","protected":false},"featured_media":7817,"template":"","meta":[],"product_cat":[41],"product_tag":[],"_links":{"self":[{"href":"https:\/\/grafity-eu.com\/web2\/wp-json\/wp\/v2\/product\/7816"}],"collection":[{"href":"https:\/\/grafity-eu.com\/web2\/wp-json\/wp\/v2\/product"}],"about":[{"href":"https:\/\/grafity-eu.com\/web2\/wp-json\/wp\/v2\/types\/product"}],"wp:featuredmedia":[{"embeddable":true,"href":"https:\/\/grafity-eu.com\/web2\/wp-json\/wp\/v2\/media\/7817"}],"wp:attachment":[{"href":"https:\/\/grafity-eu.com\/web2\/wp-json\/wp\/v2\/media?parent=7816"}],"wp:term":[{"taxonomy":"product_cat","embeddable":true,"href":"https:\/\/grafity-eu.com\/web2\/wp-json\/wp\/v2\/product_cat?post=7816"},{"taxonomy":"product_tag","embeddable":true,"href":"https:\/\/grafity-eu.com\/web2\/wp-json\/wp\/v2\/product_tag?post=7816"}],"curies":[{"name":"wp","href":"https:\/\/api.w.org\/{rel}","templated":true}]}}