{"id":7754,"date":"2024-02-23T21:04:14","date_gmt":"2024-02-24T02:04:14","guid":{"rendered":"https:\/\/grafity-eu.com\/web2\/?post_type=product&#038;p=7754"},"modified":"2024-02-23T21:05:17","modified_gmt":"2024-02-24T02:05:17","slug":"gf1373-amore-mio-tropical-crush-jeanne-arthes","status":"publish","type":"product","link":"https:\/\/grafity-eu.com\/web2\/producto\/gf1373-amore-mio-tropical-crush-jeanne-arthes\/","title":{"rendered":"GF1373 AMORE MIO TROPICAL CRUSH JEANNE ARTHES"},"content":{"rendered":"<p style=\"font-weight: 400;\">Marca: Jeanne Arthes<\/p>\n<p style=\"font-weight: 400;\">Modelo: Amore Mio Tropical Crush<\/p>\n<p style=\"font-weight: 400;\">Referencias:\u00a0GF\u00a01373<\/p>\n<p style=\"font-weight: 400;\">G\u00e9nero: Mujer<\/p>\n<p style=\"font-weight: 400;\">Contenido: 100 ml<\/p>\n<p style=\"font-weight: 400;\">Ocasi\u00f3n: D\u00eda y Noche<\/p>\n<p style=\"font-weight: 400;\">Aroma: Floral \u2013 Frutal<\/p>\n<p style=\"font-weight: 400;\">Condici\u00f3n del producto: Nuevo<\/p>\n<p style=\"font-weight: 400;\">Notas de coraz\u00f3n: Frambuesa, Leche, Manzana, Flor de Loto<\/p>\n<p style=\"font-weight: 400;\">Notas de Salida: Nectarina, Mango, Naranja Sanguina,<\/p>\n<p style=\"font-weight: 400;\">Notas de Fondo: Cacao, Almizcle, S\u00e1ndalo<\/p>\n<p style=\"font-weight: 400;\">No testeado en Animales<\/p>\n<p>&nbsp;<\/p>\n<p style=\"font-weight: 400;\">AMORE MIO TROPICAL CRUSH JEANNE ARTHES, Un perfume energizante que revive tus sentidos y te envuelve con su incre\u00edble aroma, llev\u00e1ndote a una sensaci\u00f3n de frescura tropical. Su fragancia intensa y duradera, describe perfectamente la personalidad y delicadeza de la mujer que la lleva.<\/p>\n","protected":false},"excerpt":{"rendered":"<p>calidad\u00a0<em><strong>AAA 1.1<\/strong><\/em><\/p>\n<p>AMORE MIO TROPICAL CRUSH JEANNE ARTHES, Un perfume energizante que revive tus sentidos y te envuelve con su incre\u00edble aroma, llev\u00e1ndote a una sensaci\u00f3n de frescura tropical. Su fragancia intensa y duradera, describe perfectamente la personalidad y delicadeza de la mujer que la lleva.<\/p>\n","protected":false},"featured_media":7755,"template":"","meta":[],"product_cat":[41],"product_tag":[],"_links":{"self":[{"href":"https:\/\/grafity-eu.com\/web2\/wp-json\/wp\/v2\/product\/7754"}],"collection":[{"href":"https:\/\/grafity-eu.com\/web2\/wp-json\/wp\/v2\/product"}],"about":[{"href":"https:\/\/grafity-eu.com\/web2\/wp-json\/wp\/v2\/types\/product"}],"wp:featuredmedia":[{"embeddable":true,"href":"https:\/\/grafity-eu.com\/web2\/wp-json\/wp\/v2\/media\/7755"}],"wp:attachment":[{"href":"https:\/\/grafity-eu.com\/web2\/wp-json\/wp\/v2\/media?parent=7754"}],"wp:term":[{"taxonomy":"product_cat","embeddable":true,"href":"https:\/\/grafity-eu.com\/web2\/wp-json\/wp\/v2\/product_cat?post=7754"},{"taxonomy":"product_tag","embeddable":true,"href":"https:\/\/grafity-eu.com\/web2\/wp-json\/wp\/v2\/product_tag?post=7754"}],"curies":[{"name":"wp","href":"https:\/\/api.w.org\/{rel}","templated":true}]}}