{"id":7747,"date":"2024-02-23T20:59:59","date_gmt":"2024-02-24T01:59:59","guid":{"rendered":"https:\/\/grafity-eu.com\/web2\/?post_type=product&#038;p=7747"},"modified":"2024-02-23T21:00:37","modified_gmt":"2024-02-24T02:00:37","slug":"gf1372-halston-classic-halston","status":"publish","type":"product","link":"https:\/\/grafity-eu.com\/web2\/producto\/gf1372-halston-classic-halston\/","title":{"rendered":"GF1372 HALSTON CLASSIC HALSTON"},"content":{"rendered":"<p style=\"font-weight: 400;\">Marca: Halston<\/p>\n<p style=\"font-weight: 400;\">Modelo: Halston Classic<\/p>\n<p style=\"font-weight: 400;\">Referencias:\u00a0GF\u00a01372<\/p>\n<p style=\"font-weight: 400;\">G\u00e9nero: Mujer<\/p>\n<p style=\"font-weight: 400;\">Contenido: 100 ml<\/p>\n<p style=\"font-weight: 400;\">Ocasi\u00f3n: D\u00eda y Noche<\/p>\n<p style=\"font-weight: 400;\">Aroma: Chipre \u2013 Floral<\/p>\n<p style=\"font-weight: 400;\">Condici\u00f3n del producto: Nuevo<\/p>\n<p style=\"font-weight: 400;\">Notas de coraz\u00f3n: Cal\u00e9ndula, Clavel, Cedro, Ra\u00edz de Lirio, Rosa, Ylang-Ylang, Jazm\u00edn,<\/p>\n<p style=\"font-weight: 400;\">Notas de Salida: Hojas Verdes, Menta, Durazno (Melocot\u00f3n), Mel\u00f3n, Bergamota<\/p>\n<p style=\"font-weight: 400;\">Notas de Fondo: Musgo de Roble, Vetiver, \u00c1mbar, Incienso, Pachuli, S\u00e1ndalo, Almizcle<\/p>\n<p style=\"font-weight: 400;\">No testeado en Animales<\/p>\n<p>&nbsp;<\/p>\n<p style=\"font-weight: 400;\">HALSTON CLASSIC HALSTON, Un cl\u00e1sico atrayente que evoca la esencia de la feminidad y su elegancia. Una fragancia deslumbrante y \u00fanica que cautiva con la mezcla de sus notas, provocando un sabroso y brillante aroma que lo hace realmente interesante, digno de una mujer glamorosa y empoderada.<\/p>\n","protected":false},"excerpt":{"rendered":"<p>calidad\u00a0<em><strong>AAA 1.1<\/strong><\/em><\/p>\n<p>HALSTON CLASSIC HALSTON, Un cl\u00e1sico atrayente que evoca la esencia de la feminidad y su elegancia. Una fragancia deslumbrante y \u00fanica que cautiva con la mezcla de sus notas, provocando un sabroso y brillante aroma que lo hace realmente interesante, digno de una mujer glamorosa y empoderada.<\/p>\n","protected":false},"featured_media":7748,"template":"","meta":[],"product_cat":[41],"product_tag":[],"_links":{"self":[{"href":"https:\/\/grafity-eu.com\/web2\/wp-json\/wp\/v2\/product\/7747"}],"collection":[{"href":"https:\/\/grafity-eu.com\/web2\/wp-json\/wp\/v2\/product"}],"about":[{"href":"https:\/\/grafity-eu.com\/web2\/wp-json\/wp\/v2\/types\/product"}],"wp:featuredmedia":[{"embeddable":true,"href":"https:\/\/grafity-eu.com\/web2\/wp-json\/wp\/v2\/media\/7748"}],"wp:attachment":[{"href":"https:\/\/grafity-eu.com\/web2\/wp-json\/wp\/v2\/media?parent=7747"}],"wp:term":[{"taxonomy":"product_cat","embeddable":true,"href":"https:\/\/grafity-eu.com\/web2\/wp-json\/wp\/v2\/product_cat?post=7747"},{"taxonomy":"product_tag","embeddable":true,"href":"https:\/\/grafity-eu.com\/web2\/wp-json\/wp\/v2\/product_tag?post=7747"}],"curies":[{"name":"wp","href":"https:\/\/api.w.org\/{rel}","templated":true}]}}