{"id":7723,"date":"2024-02-23T19:53:27","date_gmt":"2024-02-24T00:53:27","guid":{"rendered":"https:\/\/grafity-eu.com\/web2\/?post_type=product&#038;p=7723"},"modified":"2024-02-23T19:53:59","modified_gmt":"2024-02-24T00:53:59","slug":"gf1369-mayar-lattafa","status":"publish","type":"product","link":"https:\/\/grafity-eu.com\/web2\/producto\/gf1369-mayar-lattafa\/","title":{"rendered":"GF1369 MAYAR LATTAFA"},"content":{"rendered":"<p style=\"font-weight: 400;\">Marca: Lattafa<\/p>\n<p style=\"font-weight: 400;\">Modelo: Mayar<\/p>\n<p style=\"font-weight: 400;\">Referencias:\u00a0GF\u00a01369<\/p>\n<p style=\"font-weight: 400;\">G\u00e9nero: Mujer<\/p>\n<p style=\"font-weight: 400;\">Contenido: 100 ml<\/p>\n<p style=\"font-weight: 400;\">Ocasi\u00f3n: D\u00eda y Noche<\/p>\n<p style=\"font-weight: 400;\">Aroma: Floral \u2013 Frutal<\/p>\n<p style=\"font-weight: 400;\">Condici\u00f3n del producto: Nuevo<\/p>\n<p style=\"font-weight: 400;\">Notas de coraz\u00f3n: Rosa Blanca, Peon\u00eda, Jazm\u00edn<\/p>\n<p style=\"font-weight: 400;\">Notas de Salida: Lichi, Frambuesa, Hojas de Violeta<\/p>\n<p style=\"font-weight: 400;\">Notas de Fondo: Almizcle, Vainilla<\/p>\n<p style=\"font-weight: 400;\">No testeado en Animales<\/p>\n<p>&nbsp;<\/p>\n<p style=\"font-weight: 400;\">MAYAR LATTAFA, Una exquisita composici\u00f3n de notas florales frutales, que crean un aroma seductor e irresistible que te tienta a olerlo una y otra vez. Un perfume lujoso que captura la verdadera esencia de la feminidad y la elegancia, dejando una sensaci\u00f3n de frescura y vitalidad. \u00a1Definitivamente; oler\u00e1s a princesa, durante todo el d\u00eda!<\/p>\n","protected":false},"excerpt":{"rendered":"<p>calidad\u00a0<em><strong>AAA 1.1<\/strong><\/em><\/p>\n<p>MAYAR LATTAFA, Una exquisita composici\u00f3n de notas florales frutales, que crean un aroma seductor e irresistible que te tienta a olerlo una y otra vez. Un perfume lujoso que captura la verdadera esencia de la feminidad y la elegancia, dejando una sensaci\u00f3n de frescura y vitalidad. \u00a1Definitivamente; oler\u00e1s a princesa, durante todo el d\u00eda!<\/p>\n","protected":false},"featured_media":7724,"template":"","meta":[],"product_cat":[41],"product_tag":[],"_links":{"self":[{"href":"https:\/\/grafity-eu.com\/web2\/wp-json\/wp\/v2\/product\/7723"}],"collection":[{"href":"https:\/\/grafity-eu.com\/web2\/wp-json\/wp\/v2\/product"}],"about":[{"href":"https:\/\/grafity-eu.com\/web2\/wp-json\/wp\/v2\/types\/product"}],"wp:featuredmedia":[{"embeddable":true,"href":"https:\/\/grafity-eu.com\/web2\/wp-json\/wp\/v2\/media\/7724"}],"wp:attachment":[{"href":"https:\/\/grafity-eu.com\/web2\/wp-json\/wp\/v2\/media?parent=7723"}],"wp:term":[{"taxonomy":"product_cat","embeddable":true,"href":"https:\/\/grafity-eu.com\/web2\/wp-json\/wp\/v2\/product_cat?post=7723"},{"taxonomy":"product_tag","embeddable":true,"href":"https:\/\/grafity-eu.com\/web2\/wp-json\/wp\/v2\/product_tag?post=7723"}],"curies":[{"name":"wp","href":"https:\/\/api.w.org\/{rel}","templated":true}]}}