{"id":7713,"date":"2024-02-23T19:48:47","date_gmt":"2024-02-24T00:48:47","guid":{"rendered":"https:\/\/grafity-eu.com\/web2\/?post_type=product&#038;p=7713"},"modified":"2024-02-23T19:49:38","modified_gmt":"2024-02-24T00:49:38","slug":"gf1368-hawas-for-her-rasasi","status":"publish","type":"product","link":"https:\/\/grafity-eu.com\/web2\/producto\/gf1368-hawas-for-her-rasasi\/","title":{"rendered":"GF1368 HAWAS FOR HER RASASI"},"content":{"rendered":"<p style=\"font-weight: 400;\">Marca: Rasasi<\/p>\n<p style=\"font-weight: 400;\">Modelo: Hawas For Her<\/p>\n<p style=\"font-weight: 400;\">Referencias:\u00a0GF\u00a01368<\/p>\n<p style=\"font-weight: 400;\">G\u00e9nero: Mujer<\/p>\n<p style=\"font-weight: 400;\">Contenido: 100 ml<\/p>\n<p style=\"font-weight: 400;\">Ocasi\u00f3n: D\u00eda y Noche<\/p>\n<p style=\"font-weight: 400;\">Aroma: Floral<\/p>\n<p style=\"font-weight: 400;\">Condici\u00f3n del producto: Nuevo<\/p>\n<p style=\"font-weight: 400;\">Notas de coraz\u00f3n: Iris, Jazm\u00edn, Sambac (Sampaguita), C\u00edtricos<\/p>\n<p style=\"font-weight: 400;\">Notas de Salida: Manzana, Granada, Toronja (Pomelo)<\/p>\n<p style=\"font-weight: 400;\">Notas de Fondo: Pralin\u00e9, Pachuli, Vetiver<\/p>\n<p style=\"font-weight: 400;\">No testeado en Animales<\/p>\n<p>&nbsp;<\/p>\n<p style=\"font-weight: 400;\">HAWAS FOR HER RASASI, Un encanto de la sofisticaci\u00f3n y la seducci\u00f3n, inspirado en aquellas mujeres modernas que poseen un esp\u00edritu aventurero, cautivador, y que no sienten miedo en mostrar su personalidad aut\u00e9ntica y llena de vida. Un perfume de alta costura, audazmente femenino.<\/p>\n","protected":false},"excerpt":{"rendered":"<p>calidad\u00a0<em><strong>AAA 1.1<\/strong><\/em><\/p>\n<p>HAWAS FOR HER RASASI, Un encanto de la sofisticaci\u00f3n y la seducci\u00f3n, inspirado en aquellas mujeres modernas que poseen un esp\u00edritu aventurero, cautivador, y que no sienten miedo en mostrar su personalidad aut\u00e9ntica y llena de vida. Un perfume de alta costura, audazmente femenino.<\/p>\n","protected":false},"featured_media":7714,"template":"","meta":[],"product_cat":[41],"product_tag":[],"_links":{"self":[{"href":"https:\/\/grafity-eu.com\/web2\/wp-json\/wp\/v2\/product\/7713"}],"collection":[{"href":"https:\/\/grafity-eu.com\/web2\/wp-json\/wp\/v2\/product"}],"about":[{"href":"https:\/\/grafity-eu.com\/web2\/wp-json\/wp\/v2\/types\/product"}],"wp:featuredmedia":[{"embeddable":true,"href":"https:\/\/grafity-eu.com\/web2\/wp-json\/wp\/v2\/media\/7714"}],"wp:attachment":[{"href":"https:\/\/grafity-eu.com\/web2\/wp-json\/wp\/v2\/media?parent=7713"}],"wp:term":[{"taxonomy":"product_cat","embeddable":true,"href":"https:\/\/grafity-eu.com\/web2\/wp-json\/wp\/v2\/product_cat?post=7713"},{"taxonomy":"product_tag","embeddable":true,"href":"https:\/\/grafity-eu.com\/web2\/wp-json\/wp\/v2\/product_tag?post=7713"}],"curies":[{"name":"wp","href":"https:\/\/api.w.org\/{rel}","templated":true}]}}