{"id":7703,"date":"2024-02-23T19:44:46","date_gmt":"2024-02-24T00:44:46","guid":{"rendered":"https:\/\/grafity-eu.com\/web2\/?post_type=product&#038;p=7703"},"modified":"2024-02-23T19:45:15","modified_gmt":"2024-02-24T00:45:15","slug":"gf1367-indra-ulric-de-varens","status":"publish","type":"product","link":"https:\/\/grafity-eu.com\/web2\/producto\/gf1367-indra-ulric-de-varens\/","title":{"rendered":"GF1367 INDRA ULRIC DE VARENS"},"content":{"rendered":"<p style=\"font-weight: 400;\">Marca: Ulric de Varens<\/p>\n<p style=\"font-weight: 400;\">Modelo: Indra<\/p>\n<p style=\"font-weight: 400;\">Referencias:\u00a0GF\u00a01367<\/p>\n<p style=\"font-weight: 400;\">G\u00e9nero: Mujer<\/p>\n<p style=\"font-weight: 400;\">Contenido: 100 ml<\/p>\n<p style=\"font-weight: 400;\">Ocasi\u00f3n: D\u00eda y Noche<\/p>\n<p style=\"font-weight: 400;\">Aroma: \u00c1mbar \u2013 Floral<\/p>\n<p style=\"font-weight: 400;\">Condici\u00f3n del producto: Nuevo<\/p>\n<p style=\"font-weight: 400;\">Notas de coraz\u00f3n: Ylang-Ylang<\/p>\n<p style=\"font-weight: 400;\">Notas de Salida: Iris, Jazm\u00edn<\/p>\n<p style=\"font-weight: 400;\">Notas de Fondo: Almizcle, Flor del Naranjo Africano<\/p>\n<p style=\"font-weight: 400;\">No testeado en Animales<\/p>\n<p>&nbsp;<\/p>\n<p style=\"font-weight: 400;\">INDRA ULRIC DE VARENS, Un perfume cl\u00e1sico con una estela incre\u00edble y excelente fijaci\u00f3n. Sus notas c\u00e1lidas y acogedoras hacen una oda a la feminidad y la delicadeza de la mujer seductora y exitosa, que cumple sus sue\u00f1os como el tesoro m\u00e1s anhelado.<\/p>\n","protected":false},"excerpt":{"rendered":"<p>calidad\u00a0<em><strong>AAA 1.1<\/strong><\/em><\/p>\n<p>INDRA ULRIC DE VARENS, Un perfume cl\u00e1sico con una estela incre\u00edble y excelente fijaci\u00f3n. Sus notas c\u00e1lidas y acogedoras hacen una oda a la feminidad y la delicadeza de la mujer seductora y exitosa, que cumple sus sue\u00f1os como el tesoro m\u00e1s anhelado.<\/p>\n","protected":false},"featured_media":7704,"template":"","meta":[],"product_cat":[41],"product_tag":[],"_links":{"self":[{"href":"https:\/\/grafity-eu.com\/web2\/wp-json\/wp\/v2\/product\/7703"}],"collection":[{"href":"https:\/\/grafity-eu.com\/web2\/wp-json\/wp\/v2\/product"}],"about":[{"href":"https:\/\/grafity-eu.com\/web2\/wp-json\/wp\/v2\/types\/product"}],"wp:featuredmedia":[{"embeddable":true,"href":"https:\/\/grafity-eu.com\/web2\/wp-json\/wp\/v2\/media\/7704"}],"wp:attachment":[{"href":"https:\/\/grafity-eu.com\/web2\/wp-json\/wp\/v2\/media?parent=7703"}],"wp:term":[{"taxonomy":"product_cat","embeddable":true,"href":"https:\/\/grafity-eu.com\/web2\/wp-json\/wp\/v2\/product_cat?post=7703"},{"taxonomy":"product_tag","embeddable":true,"href":"https:\/\/grafity-eu.com\/web2\/wp-json\/wp\/v2\/product_tag?post=7703"}],"curies":[{"name":"wp","href":"https:\/\/api.w.org\/{rel}","templated":true}]}}