{"id":7695,"date":"2024-02-23T19:37:28","date_gmt":"2024-02-24T00:37:28","guid":{"rendered":"https:\/\/grafity-eu.com\/web2\/?post_type=product&#038;p=7695"},"modified":"2024-02-23T19:39:08","modified_gmt":"2024-02-24T00:39:08","slug":"gf1366-volupte-oscar-de-la-renta","status":"publish","type":"product","link":"https:\/\/grafity-eu.com\/web2\/producto\/gf1366-volupte-oscar-de-la-renta\/","title":{"rendered":"GF1366 VOLUPTE OSCAR DE LA RENTA"},"content":{"rendered":"<p style=\"font-weight: 400;\">Marca: Oscar de la Renta<\/p>\n<p style=\"font-weight: 400;\">Modelo: Volupte<\/p>\n<p style=\"font-weight: 400;\">Referencias:\u00a0GF\u00a01366<\/p>\n<p style=\"font-weight: 400;\">G\u00e9nero: Mujer<\/p>\n<p style=\"font-weight: 400;\">Contenido: 100 ml<\/p>\n<p style=\"font-weight: 400;\">Ocasi\u00f3n: D\u00eda y Noche<\/p>\n<p style=\"font-weight: 400;\">Aroma: Floral Verde<\/p>\n<p style=\"font-weight: 400;\">Condici\u00f3n del producto: Nuevo<\/p>\n<p style=\"font-weight: 400;\">Notas de coraz\u00f3n: Heliotropo, Ylang-Ylang, Narciso, Clavel, Jazm\u00edn, Lirio de los Valles (Muguete), Flor de Loto, Peon\u00eda<\/p>\n<p style=\"font-weight: 400;\">Notas de Salida: Mimosa, Mel\u00f3n, Fresia, Osmanto (Olivo Oloroso), Mandarina, Sand\u00eda, Ciclamen (Violeta Persa)<\/p>\n<p style=\"font-weight: 400;\">Notas de Fondo: S\u00e1ndalo, Incienso, \u00c1mbar, Nardos, Vainilla, Pachuli<\/p>\n<p style=\"font-weight: 400;\">\u00a0No testeado en Animales<\/p>\n<p>&nbsp;<\/p>\n<p style=\"font-weight: 400;\">VOLUPTE OSCAR DE LA RENTA, Una fragancia que evoca calidez y feminidad. Ideal para aquellas mujeres que desean destacar su sensualidad y sofisticaci\u00f3n, como esencia de su personalidad, con un aroma excitante y glamoroso.<\/p>\n","protected":false},"excerpt":{"rendered":"<p>calidad\u00a0<em><strong>AAA 1.1<\/strong><\/em><\/p>\n<p>VOLUPTE OSCAR DE LA RENTA, Una fragancia que evoca calidez y feminidad. Ideal para aquellas mujeres que desean destacar su sensualidad y sofisticaci\u00f3n, como esencia de su personalidad, con un aroma excitante y glamoroso.<\/p>\n","protected":false},"featured_media":7696,"template":"","meta":[],"product_cat":[41],"product_tag":[],"_links":{"self":[{"href":"https:\/\/grafity-eu.com\/web2\/wp-json\/wp\/v2\/product\/7695"}],"collection":[{"href":"https:\/\/grafity-eu.com\/web2\/wp-json\/wp\/v2\/product"}],"about":[{"href":"https:\/\/grafity-eu.com\/web2\/wp-json\/wp\/v2\/types\/product"}],"wp:featuredmedia":[{"embeddable":true,"href":"https:\/\/grafity-eu.com\/web2\/wp-json\/wp\/v2\/media\/7696"}],"wp:attachment":[{"href":"https:\/\/grafity-eu.com\/web2\/wp-json\/wp\/v2\/media?parent=7695"}],"wp:term":[{"taxonomy":"product_cat","embeddable":true,"href":"https:\/\/grafity-eu.com\/web2\/wp-json\/wp\/v2\/product_cat?post=7695"},{"taxonomy":"product_tag","embeddable":true,"href":"https:\/\/grafity-eu.com\/web2\/wp-json\/wp\/v2\/product_tag?post=7695"}],"curies":[{"name":"wp","href":"https:\/\/api.w.org\/{rel}","templated":true}]}}