{"id":7686,"date":"2024-02-23T19:27:41","date_gmt":"2024-02-24T00:27:41","guid":{"rendered":"https:\/\/grafity-eu.com\/web2\/?post_type=product&#038;p=7686"},"modified":"2024-02-23T19:28:28","modified_gmt":"2024-02-24T00:28:28","slug":"gf1365-sun-java-white-men-franck-olivier","status":"publish","type":"product","link":"https:\/\/grafity-eu.com\/web2\/producto\/gf1365-sun-java-white-men-franck-olivier\/","title":{"rendered":"GF1365 SUN JAVA WHITE MEN FRANCK OLIVIER"},"content":{"rendered":"<p style=\"font-weight: 400;\">Marca: Franck Olivier<\/p>\n<p style=\"font-weight: 400;\">Modelo: Sun Java White Men<\/p>\n<p style=\"font-weight: 400;\">Referencias:\u00a0GF\u00a01365<\/p>\n<p style=\"font-weight: 400;\">G\u00e9nero: Hombre<\/p>\n<p style=\"font-weight: 400;\">Contenido: 75 ml<\/p>\n<p style=\"font-weight: 400;\">Ocasi\u00f3n: D\u00eda y Noche<\/p>\n<p style=\"font-weight: 400;\">Aroma: Amaderada &#8211; Arom\u00e1tica<\/p>\n<p style=\"font-weight: 400;\">Condici\u00f3n del producto: Nuevo<\/p>\n<p style=\"font-weight: 400;\">Notas de coraz\u00f3n: Menta, Romero, Pimienta Negra, Pachuli, Salvia<\/p>\n<p style=\"font-weight: 400;\">Notas de Salida: Grosellas Negras, Lim\u00f3n (Lima \u00c1cida), Naranja Tangerina, Bergamota, Toronja (Pomelo), Naranja<\/p>\n<p style=\"font-weight: 400;\">Notas de Fondo: Almizcle, \u00c1mbar<\/p>\n<p style=\"font-weight: 400;\">No testeado en Animales<\/p>\n<p>&nbsp;<\/p>\n<p style=\"font-weight: 400;\">SUN JAVA WHITE MEN FRANCK OLIVIER, Una fragancia fresca y masculina que combina notas c\u00edtricas, creando un aroma equilibrado y frutal, con una excelente fijaci\u00f3n y concentraci\u00f3n. Ideal para el uso diario o actividades f\u00edsicas<\/p>\n","protected":false},"excerpt":{"rendered":"<p>calidad\u00a0<em><strong>AAA 1.1<\/strong><\/em><\/p>\n<p>SUN JAVA WHITE MEN FRANCK OLIVIER, Una fragancia fresca y masculina que combina notas c\u00edtricas, creando un aroma equilibrado y frutal, con una excelente fijaci\u00f3n y concentraci\u00f3n. Ideal para el uso diario o actividades f\u00edsicas.<\/p>\n","protected":false},"featured_media":7687,"template":"","meta":[],"product_cat":[41],"product_tag":[],"_links":{"self":[{"href":"https:\/\/grafity-eu.com\/web2\/wp-json\/wp\/v2\/product\/7686"}],"collection":[{"href":"https:\/\/grafity-eu.com\/web2\/wp-json\/wp\/v2\/product"}],"about":[{"href":"https:\/\/grafity-eu.com\/web2\/wp-json\/wp\/v2\/types\/product"}],"wp:featuredmedia":[{"embeddable":true,"href":"https:\/\/grafity-eu.com\/web2\/wp-json\/wp\/v2\/media\/7687"}],"wp:attachment":[{"href":"https:\/\/grafity-eu.com\/web2\/wp-json\/wp\/v2\/media?parent=7686"}],"wp:term":[{"taxonomy":"product_cat","embeddable":true,"href":"https:\/\/grafity-eu.com\/web2\/wp-json\/wp\/v2\/product_cat?post=7686"},{"taxonomy":"product_tag","embeddable":true,"href":"https:\/\/grafity-eu.com\/web2\/wp-json\/wp\/v2\/product_tag?post=7686"}],"curies":[{"name":"wp","href":"https:\/\/api.w.org\/{rel}","templated":true}]}}