{"id":7680,"date":"2024-02-23T19:24:14","date_gmt":"2024-02-24T00:24:14","guid":{"rendered":"https:\/\/grafity-eu.com\/web2\/?post_type=product&#038;p=7680"},"modified":"2024-02-23T19:24:14","modified_gmt":"2024-02-24T00:24:14","slug":"gf1364-paco-rabanne-pour-homme-paco-rabanne","status":"publish","type":"product","link":"https:\/\/grafity-eu.com\/web2\/producto\/gf1364-paco-rabanne-pour-homme-paco-rabanne\/","title":{"rendered":"GF1364 PACO RABANNE POUR HOMME PACO RABANNE"},"content":{"rendered":"<p>Marca: Paco Rabanne<\/p>\n<p>Modelo: Paco Rabanne Pour Homme<\/p>\n<p>Referencias:\u00a0GF\u00a01364<\/p>\n<p>G\u00e9nero: Hombre<\/p>\n<p>Contenido: 100 ml<\/p>\n<p>Ocasi\u00f3n: D\u00eda y Noche<\/p>\n<p>Aroma: Arom\u00e1tica Fougere<\/p>\n<p>Condici\u00f3n del producto: Nuevo<\/p>\n<p>Notas de coraz\u00f3n: Lavanda, Geranio, Haba Tonka<\/p>\n<p>Notas de Salida: Romero, Esclarea, Palo de Rosa de Brasil<\/p>\n<p>Notas de Fondo: Musgo de Roble, Miel, Almizcle, \u00c1mbar, Tabaco<\/p>\n<p>No testeado en Animales<\/p>\n<p>&nbsp;<\/p>\n<p>PACO RABANNE POUR HOMME PACO RABANNE, Un perfume que deja huella a donde vayas, su aroma aut\u00e9ntico y encantador, representa la personalidad del hombre cort\u00e9s y elegante. Una fragancia que otorga equilibrio gracias a su construcci\u00f3n olfativa completamente masculina e intensa.<\/p>\n","protected":false},"excerpt":{"rendered":"<p>calidad\u00a0<em><strong>AAA 1.1<\/strong><\/em><\/p>\n<p>PACO RABANNE POUR HOMME PACO RABANNE, Un perfume que deja huella a donde vayas, su aroma aut\u00e9ntico y encantador, representa la personalidad del hombre cort\u00e9s y elegante. Una fragancia que otorga equilibrio gracias a su construcci\u00f3n olfativa completamente masculina e intensa.<\/p>\n","protected":false},"featured_media":7681,"template":"","meta":[],"product_cat":[41],"product_tag":[],"_links":{"self":[{"href":"https:\/\/grafity-eu.com\/web2\/wp-json\/wp\/v2\/product\/7680"}],"collection":[{"href":"https:\/\/grafity-eu.com\/web2\/wp-json\/wp\/v2\/product"}],"about":[{"href":"https:\/\/grafity-eu.com\/web2\/wp-json\/wp\/v2\/types\/product"}],"wp:featuredmedia":[{"embeddable":true,"href":"https:\/\/grafity-eu.com\/web2\/wp-json\/wp\/v2\/media\/7681"}],"wp:attachment":[{"href":"https:\/\/grafity-eu.com\/web2\/wp-json\/wp\/v2\/media?parent=7680"}],"wp:term":[{"taxonomy":"product_cat","embeddable":true,"href":"https:\/\/grafity-eu.com\/web2\/wp-json\/wp\/v2\/product_cat?post=7680"},{"taxonomy":"product_tag","embeddable":true,"href":"https:\/\/grafity-eu.com\/web2\/wp-json\/wp\/v2\/product_tag?post=7680"}],"curies":[{"name":"wp","href":"https:\/\/api.w.org\/{rel}","templated":true}]}}