{"id":7645,"date":"2024-02-23T19:03:14","date_gmt":"2024-02-24T00:03:14","guid":{"rendered":"https:\/\/grafity-eu.com\/web2\/?post_type=product&#038;p=7645"},"modified":"2024-02-23T19:06:32","modified_gmt":"2024-02-24T00:06:32","slug":"gf1361-ajwad-lattafa","status":"publish","type":"product","link":"https:\/\/grafity-eu.com\/web2\/producto\/gf1361-ajwad-lattafa\/","title":{"rendered":"GF1361 AJWAD LATTAFA"},"content":{"rendered":"<p style=\"font-weight: 400;\">Marca: Lattafa<\/p>\n<p style=\"font-weight: 400;\">Modelo: Ajwad<\/p>\n<p style=\"font-weight: 400;\">Referencias:\u00a0GF\u00a01361<\/p>\n<p style=\"font-weight: 400;\">G\u00e9nero: Hombre y Mujer<\/p>\n<p style=\"font-weight: 400;\">Contenido: 60 ml<\/p>\n<p style=\"font-weight: 400;\">Ocasi\u00f3n: D\u00eda y Noche<\/p>\n<p style=\"font-weight: 400;\">Aroma: Amaderada \u2013 Arom\u00e1tica<\/p>\n<p style=\"font-weight: 400;\">Condici\u00f3n del producto: Nuevo<\/p>\n<p style=\"font-weight: 400;\">Notas de coraz\u00f3n: Rosa, Jazm\u00edn<\/p>\n<p style=\"font-weight: 400;\">Notas de Salida: Notas Afrutadas<\/p>\n<p style=\"font-weight: 400;\">Notas de Fondo: Vainilla, Almizcle, \u00c1mbar, Cedro<\/p>\n<p style=\"font-weight: 400;\">No testeado en Animales<\/p>\n<p>&nbsp;<\/p>\n<p style=\"font-weight: 400;\">AJWAD LATTAFA, Un perfume unisex, caracterizado por su distintivo y sensual aroma, sus notas equilibradas le dan un toque dulce caramelizado que se siente c\u00e1lido y autentico. Con una mezcla de frescura que lo convierten en una fragancia vers\u00e1til, ideal para lucir en cualquier ocasi\u00f3n. Una experiencia sensorial que trasciende las convenciones de g\u00e9nero.<\/p>\n","protected":false},"excerpt":{"rendered":"<p>calidad\u00a0<em><strong>AAA 1.1<\/strong><\/em><\/p>\n<p>AJWAD LATTAFA, Un perfume unisex, caracterizado por su distintivo y sensual aroma, sus notas equilibradas le dan un toque dulce caramelizado que se siente c\u00e1lido y autentico. Con una mezcla de frescura que lo convierten en una fragancia vers\u00e1til, ideal para lucir en cualquier ocasi\u00f3n.<\/p>\n","protected":false},"featured_media":7647,"template":"","meta":[],"product_cat":[41],"product_tag":[],"_links":{"self":[{"href":"https:\/\/grafity-eu.com\/web2\/wp-json\/wp\/v2\/product\/7645"}],"collection":[{"href":"https:\/\/grafity-eu.com\/web2\/wp-json\/wp\/v2\/product"}],"about":[{"href":"https:\/\/grafity-eu.com\/web2\/wp-json\/wp\/v2\/types\/product"}],"wp:featuredmedia":[{"embeddable":true,"href":"https:\/\/grafity-eu.com\/web2\/wp-json\/wp\/v2\/media\/7647"}],"wp:attachment":[{"href":"https:\/\/grafity-eu.com\/web2\/wp-json\/wp\/v2\/media?parent=7645"}],"wp:term":[{"taxonomy":"product_cat","embeddable":true,"href":"https:\/\/grafity-eu.com\/web2\/wp-json\/wp\/v2\/product_cat?post=7645"},{"taxonomy":"product_tag","embeddable":true,"href":"https:\/\/grafity-eu.com\/web2\/wp-json\/wp\/v2\/product_tag?post=7645"}],"curies":[{"name":"wp","href":"https:\/\/api.w.org\/{rel}","templated":true}]}}