{"id":7635,"date":"2024-02-22T17:49:14","date_gmt":"2024-02-22T22:49:14","guid":{"rendered":"https:\/\/grafity-eu.com\/web2\/?post_type=product&#038;p=7635"},"modified":"2024-02-22T17:49:49","modified_gmt":"2024-02-22T22:49:49","slug":"gf1360-colors-de-benetton-woman-blue-benetton","status":"publish","type":"product","link":"https:\/\/grafity-eu.com\/web2\/producto\/gf1360-colors-de-benetton-woman-blue-benetton\/","title":{"rendered":"GF1360 COLORS DE BENETTON WOMAN BLUE BENETTON"},"content":{"rendered":"<p style=\"font-weight: 400;\">Marca: Benetton<\/p>\n<p style=\"font-weight: 400;\">Modelo: Colors De Benetton Woman Blue<\/p>\n<p style=\"font-weight: 400;\">Referencias:\u00a0GF\u00a01360<\/p>\n<p style=\"font-weight: 400;\">G\u00e9nero: Mujer<\/p>\n<p style=\"font-weight: 400;\">Contenido: 80 ml<\/p>\n<p style=\"font-weight: 400;\">Ocasi\u00f3n: D\u00eda y Noche<\/p>\n<p style=\"font-weight: 400;\">Aroma: C\u00edtrica<\/p>\n<p style=\"font-weight: 400;\">Condici\u00f3n del producto: Nuevo<\/p>\n<p style=\"font-weight: 400;\">Notas de coraz\u00f3n: Flor de Azahar del Naranjo, Fresia, Yerba Mate<\/p>\n<p style=\"font-weight: 400;\">Notas de Salida: Yuzu, Lim\u00f3n (Lima \u00c1cida), Naranja Amarga<\/p>\n<p style=\"font-weight: 400;\">Notas de Fondo: Almizcle, Cedro, Haba Tonka<\/p>\n<p style=\"font-weight: 400;\">No testeado en Animales<\/p>\n<p>&nbsp;<\/p>\n<p style=\"font-weight: 400;\">COLORS DE BENETTON WOMAN BLUE BENETTON, Una fragancia que rebosa car\u00e1cter, elegancia y sofisticaci\u00f3n. Su embriagadora mezcla de notas frescas y arom\u00e1ticas, crean un inconfundible aroma que cautivara tus sentidos, celebrando la esencia de la feminidad y luminosidad de la mujer.<\/p>\n","protected":false},"excerpt":{"rendered":"<p>calidad\u00a0<em><strong>AAA 1.1<\/strong><\/em><\/p>\n<p>COLORS DE BENETTON WOMAN BLUE BENETTON, Una fragancia que rebosa car\u00e1cter, elegancia y sofisticaci\u00f3n. Su embriagadora mezcla de notas frescas y arom\u00e1ticas, crean un inconfundible aroma que cautivara tus sentidos, celebrando la esencia de la feminidad y luminosidad de la mujer.<\/p>\n","protected":false},"featured_media":7636,"template":"","meta":[],"product_cat":[41],"product_tag":[],"_links":{"self":[{"href":"https:\/\/grafity-eu.com\/web2\/wp-json\/wp\/v2\/product\/7635"}],"collection":[{"href":"https:\/\/grafity-eu.com\/web2\/wp-json\/wp\/v2\/product"}],"about":[{"href":"https:\/\/grafity-eu.com\/web2\/wp-json\/wp\/v2\/types\/product"}],"wp:featuredmedia":[{"embeddable":true,"href":"https:\/\/grafity-eu.com\/web2\/wp-json\/wp\/v2\/media\/7636"}],"wp:attachment":[{"href":"https:\/\/grafity-eu.com\/web2\/wp-json\/wp\/v2\/media?parent=7635"}],"wp:term":[{"taxonomy":"product_cat","embeddable":true,"href":"https:\/\/grafity-eu.com\/web2\/wp-json\/wp\/v2\/product_cat?post=7635"},{"taxonomy":"product_tag","embeddable":true,"href":"https:\/\/grafity-eu.com\/web2\/wp-json\/wp\/v2\/product_tag?post=7635"}],"curies":[{"name":"wp","href":"https:\/\/api.w.org\/{rel}","templated":true}]}}