{"id":7629,"date":"2024-02-22T17:43:43","date_gmt":"2024-02-22T22:43:43","guid":{"rendered":"https:\/\/grafity-eu.com\/web2\/?post_type=product&#038;p=7629"},"modified":"2024-02-22T17:44:47","modified_gmt":"2024-02-22T22:44:47","slug":"gf1359-eau-my-delice-women-secret","status":"publish","type":"product","link":"https:\/\/grafity-eu.com\/web2\/producto\/gf1359-eau-my-delice-women-secret\/","title":{"rendered":"GF1359 EAU MY DELICE WOMEN SECRET"},"content":{"rendered":"<p style=\"font-weight: 400;\">Marca: Women Secret<\/p>\n<p style=\"font-weight: 400;\">Modelo: EAU My Delice<\/p>\n<p style=\"font-weight: 400;\">Referencias:\u00a0GF\u00a01359<\/p>\n<p style=\"font-weight: 400;\">G\u00e9nero: Mujer<\/p>\n<p style=\"font-weight: 400;\">Contenido: 100 ml<\/p>\n<p style=\"font-weight: 400;\">Ocasi\u00f3n: D\u00eda y Noche<\/p>\n<p style=\"font-weight: 400;\">Aroma: Arom\u00e1tica \u2013Acu\u00e1tica<\/p>\n<p style=\"font-weight: 400;\">Condici\u00f3n del producto: Nuevo<\/p>\n<p style=\"font-weight: 400;\">Notas de coraz\u00f3n: Orqu\u00eddea, Pera, Flor de Loto, Peon\u00eda, Jengibre, Neroli<\/p>\n<p style=\"font-weight: 400;\">Notas de Salida: Granada, Toronja (Pomelo), Pimienta, Notas Verdes<\/p>\n<p style=\"font-weight: 400;\">Notas de Fondo: Almizcle, Haba Tonka, S\u00e1ndalo, Cipr\u00e9s, Cedro de Virginia<\/p>\n<p style=\"font-weight: 400;\">No testeado en Animales<\/p>\n<p>&nbsp;<\/p>\n<p style=\"font-weight: 400;\">EAU MY DELICE WOMEN SECRET, un elixir afrutado que emana la frescura de la vida, a trav\u00e9s de un id\u00edlico jard\u00edn oriental. Sus notas emiten un suave y sensual aroma que expresa la esencia de la feminidad y su delicadeza. La combinaci\u00f3n de la orqu\u00eddea y la granada le dan un toque de exotismo, que cautiva corazones a donde quiera que vayas<\/p>\n","protected":false},"excerpt":{"rendered":"<p>calidad\u00a0<em><strong>AAA 1.1<\/strong><\/em><\/p>\n<p>EAU MY DELICE WOMEN SECRET, un elixir afrutado que emana la frescura de la vida, a trav\u00e9s de un id\u00edlico jard\u00edn oriental. Sus notas emiten un suave y sensual aroma que expresa la esencia de la feminidad y su delicadeza.<\/p>\n","protected":false},"featured_media":7630,"template":"","meta":[],"product_cat":[41],"product_tag":[],"_links":{"self":[{"href":"https:\/\/grafity-eu.com\/web2\/wp-json\/wp\/v2\/product\/7629"}],"collection":[{"href":"https:\/\/grafity-eu.com\/web2\/wp-json\/wp\/v2\/product"}],"about":[{"href":"https:\/\/grafity-eu.com\/web2\/wp-json\/wp\/v2\/types\/product"}],"wp:featuredmedia":[{"embeddable":true,"href":"https:\/\/grafity-eu.com\/web2\/wp-json\/wp\/v2\/media\/7630"}],"wp:attachment":[{"href":"https:\/\/grafity-eu.com\/web2\/wp-json\/wp\/v2\/media?parent=7629"}],"wp:term":[{"taxonomy":"product_cat","embeddable":true,"href":"https:\/\/grafity-eu.com\/web2\/wp-json\/wp\/v2\/product_cat?post=7629"},{"taxonomy":"product_tag","embeddable":true,"href":"https:\/\/grafity-eu.com\/web2\/wp-json\/wp\/v2\/product_tag?post=7629"}],"curies":[{"name":"wp","href":"https:\/\/api.w.org\/{rel}","templated":true}]}}