{"id":7623,"date":"2024-02-22T17:38:54","date_gmt":"2024-02-22T22:38:54","guid":{"rendered":"https:\/\/grafity-eu.com\/web2\/?post_type=product&#038;p=7623"},"modified":"2024-02-22T17:39:40","modified_gmt":"2024-02-22T22:39:40","slug":"gf1358-niche-bharara","status":"publish","type":"product","link":"https:\/\/grafity-eu.com\/web2\/producto\/gf1358-niche-bharara\/","title":{"rendered":"GF1358 NICHE BHARARA"},"content":{"rendered":"<p style=\"font-weight: 400;\">Marca: Bharara<\/p>\n<p style=\"font-weight: 400;\">Modelo: Niche Bharara King<\/p>\n<p style=\"font-weight: 400;\">Referencias:\u00a0GF\u00a01358<\/p>\n<p style=\"font-weight: 400;\">G\u00e9nero: Hombre y Mujer<\/p>\n<p style=\"font-weight: 400;\">Contenido: 100 ml<\/p>\n<p style=\"font-weight: 400;\">Ocasi\u00f3n: D\u00eda y Noche<\/p>\n<p style=\"font-weight: 400;\">Aroma: Floral<\/p>\n<p style=\"font-weight: 400;\">Condici\u00f3n del producto: Nuevo<\/p>\n<p style=\"font-weight: 400;\">Notas de coraz\u00f3n: Jazm\u00edn, Chocolate, Abeto Bals\u00e1mico<\/p>\n<p style=\"font-weight: 400;\">Notas de Salida: C\u00edtricos, Enebro de Virginia<\/p>\n<p style=\"font-weight: 400;\">Notas de Fondo: Madera de Oud, Madera de Gaiac, \u00c1mbar, Benju\u00ed, Vetiver<\/p>\n<p style=\"font-weight: 400;\">No testeado en Animales<\/p>\n<p>&nbsp;<\/p>\n<p style=\"font-weight: 400;\">NICHE BHARARA, Un perfume unisex, de lujo, concentrado y exclusivo con el que robaras muchas miradas. Su aroma adictivo y sensual, te permitir\u00e1 \u00a0brillar en esa ocasi\u00f3n especial en la que querr\u00e1s ser el centro de atracci\u00f3n.<\/p>\n","protected":false},"excerpt":{"rendered":"<p>calidad\u00a0<em><strong>AAA 1.1<\/strong><\/em><\/p>\n<p>NICHE BHARARA, Un perfume unisex, de lujo, concentrado y exclusivo con el que robaras muchas miradas. Su aroma adictivo y sensual, te permitir\u00e1 \u00a0brillar en esa ocasi\u00f3n especial en la que querr\u00e1s ser el centro de atracci\u00f3n.<\/p>\n","protected":false},"featured_media":7624,"template":"","meta":[],"product_cat":[41],"product_tag":[],"_links":{"self":[{"href":"https:\/\/grafity-eu.com\/web2\/wp-json\/wp\/v2\/product\/7623"}],"collection":[{"href":"https:\/\/grafity-eu.com\/web2\/wp-json\/wp\/v2\/product"}],"about":[{"href":"https:\/\/grafity-eu.com\/web2\/wp-json\/wp\/v2\/types\/product"}],"wp:featuredmedia":[{"embeddable":true,"href":"https:\/\/grafity-eu.com\/web2\/wp-json\/wp\/v2\/media\/7624"}],"wp:attachment":[{"href":"https:\/\/grafity-eu.com\/web2\/wp-json\/wp\/v2\/media?parent=7623"}],"wp:term":[{"taxonomy":"product_cat","embeddable":true,"href":"https:\/\/grafity-eu.com\/web2\/wp-json\/wp\/v2\/product_cat?post=7623"},{"taxonomy":"product_tag","embeddable":true,"href":"https:\/\/grafity-eu.com\/web2\/wp-json\/wp\/v2\/product_tag?post=7623"}],"curies":[{"name":"wp","href":"https:\/\/api.w.org\/{rel}","templated":true}]}}