{"id":7254,"date":"2024-02-20T20:34:19","date_gmt":"2024-02-21T01:34:19","guid":{"rendered":"https:\/\/grafity-eu.com\/web2\/?post_type=product&#038;p=7254"},"modified":"2024-02-20T20:34:53","modified_gmt":"2024-02-21T01:34:53","slug":"gf1319-seductive-red-guess","status":"publish","type":"product","link":"https:\/\/grafity-eu.com\/web2\/producto\/gf1319-seductive-red-guess\/","title":{"rendered":"GF1319 SEDUCTIVE RED GUESS"},"content":{"rendered":"<p style=\"font-weight: 400;\">Marca: Guess<\/p>\n<p style=\"font-weight: 400;\">Modelo: Seductive Red<\/p>\n<p style=\"font-weight: 400;\">Referencias:\u00a0GF\u00a01319<\/p>\n<p style=\"font-weight: 400;\">G\u00e9nero: Mujer<\/p>\n<p style=\"font-weight: 400;\">Contenido: 75 ml<\/p>\n<p style=\"font-weight: 400;\">Ocasi\u00f3n: D\u00eda y Noche<\/p>\n<p style=\"font-weight: 400;\">Aroma: Floral-Frutal Gourmand<\/p>\n<p style=\"font-weight: 400;\">Condici\u00f3n del producto: Nuevo<\/p>\n<p style=\"font-weight: 400;\">Notas de coraz\u00f3n: Flor del Cerezo, Violeta, Magnolia<\/p>\n<p style=\"font-weight: 400;\">Notas de Salida: Cereza, Almendra, Pimienta Rosa<\/p>\n<p style=\"font-weight: 400;\">Notas de Fondo: Vainilla, Haba Tonka, S\u00e1ndalo<\/p>\n<p style=\"font-weight: 400;\">No testeado en Animales<\/p>\n<p>&nbsp;<\/p>\n<p style=\"font-weight: 400;\">SEDUCTIVE RED GUESS, Una fragancia cargada de pasi\u00f3n y sensualidad, que te envuelve con sus exquisitas y cremosas notas, transport\u00e1ndote a un viaje cautivador y magn\u00e9tico, que la hace incre\u00edblemente moderna. Ideal para aquellas mujeres que desean expresar su dulzura y elegancia, a trav\u00e9s de un perfume tan sutil.<\/p>\n<p style=\"font-weight: 400;\">\n","protected":false},"excerpt":{"rendered":"<p>calidad\u00a0<em><strong>AAA 1.1<\/strong><\/em><\/p>\n<p>SEDUCTIVE RED GUESS, Una fragancia cargada de pasi\u00f3n y sensualidad, que te envuelve con sus exquisitas y cremosas notas, transport\u00e1ndote a un viaje cautivador y magn\u00e9tico, que la hace incre\u00edblemente moderna. Ideal para aquellas mujeres que desean expresar su dulzura y elegancia, a trav\u00e9s de un perfume tan sutil.<\/p>\n","protected":false},"featured_media":7255,"template":"","meta":[],"product_cat":[41],"product_tag":[],"_links":{"self":[{"href":"https:\/\/grafity-eu.com\/web2\/wp-json\/wp\/v2\/product\/7254"}],"collection":[{"href":"https:\/\/grafity-eu.com\/web2\/wp-json\/wp\/v2\/product"}],"about":[{"href":"https:\/\/grafity-eu.com\/web2\/wp-json\/wp\/v2\/types\/product"}],"wp:featuredmedia":[{"embeddable":true,"href":"https:\/\/grafity-eu.com\/web2\/wp-json\/wp\/v2\/media\/7255"}],"wp:attachment":[{"href":"https:\/\/grafity-eu.com\/web2\/wp-json\/wp\/v2\/media?parent=7254"}],"wp:term":[{"taxonomy":"product_cat","embeddable":true,"href":"https:\/\/grafity-eu.com\/web2\/wp-json\/wp\/v2\/product_cat?post=7254"},{"taxonomy":"product_tag","embeddable":true,"href":"https:\/\/grafity-eu.com\/web2\/wp-json\/wp\/v2\/product_tag?post=7254"}],"curies":[{"name":"wp","href":"https:\/\/api.w.org\/{rel}","templated":true}]}}