{"id":7229,"date":"2024-02-20T20:24:17","date_gmt":"2024-02-21T01:24:17","guid":{"rendered":"https:\/\/grafity-eu.com\/web2\/?post_type=product&#038;p=7229"},"modified":"2024-02-20T20:25:36","modified_gmt":"2024-02-21T01:25:36","slug":"gf1317-club-de-nuit-milestone-armaf","status":"publish","type":"product","link":"https:\/\/grafity-eu.com\/web2\/producto\/gf1317-club-de-nuit-milestone-armaf\/","title":{"rendered":"GF1317 CLUB DE NUIT MILESTONE ARMAF"},"content":{"rendered":"<p style=\"font-weight: 400;\">Marca: Armaf<\/p>\n<p style=\"font-weight: 400;\">Modelo: Club de Nuit Milestone<\/p>\n<p style=\"font-weight: 400;\">Referencias:\u00a0GF\u00a01316<\/p>\n<p style=\"font-weight: 400;\">G\u00e9nero: Hombre y Mujer<\/p>\n<p style=\"font-weight: 400;\">Contenido: 100 ml<\/p>\n<p style=\"font-weight: 400;\">Ocasi\u00f3n: D\u00eda y Noche<\/p>\n<p style=\"font-weight: 400;\">Aroma: Almizcle-Amaderado<\/p>\n<p style=\"font-weight: 400;\">Condici\u00f3n del producto: Nuevo<\/p>\n<p style=\"font-weight: 400;\">Notas de coraz\u00f3n: Violeta, Maderas Blancas, S\u00e1ndalo<\/p>\n<p style=\"font-weight: 400;\">Notas de Salida: Notas Marinas, Frutas Rojas, Bergamota<\/p>\n<p style=\"font-weight: 400;\">Notas de Fondo: Almizcle, Ambroxan, Vetiver<\/p>\n<p style=\"font-weight: 400;\">No testeado en Animales<\/p>\n<p>&nbsp;<\/p>\n<p style=\"font-weight: 400;\">CLUB DE NUIT MILESTONE ARMAF, un perfume unisex de larga duraci\u00f3n, con un aroma tan \u00fanico y potente, que te har\u00e1 lucir sutil y cautivador. Una fragancia que vaporiza clase, y un estilo que todos querr\u00e1n admirar.<\/p>\n","protected":false},"excerpt":{"rendered":"<p>calidad\u00a0<em><strong>AAA 1.1<\/strong><\/em><\/p>\n<p>CLUB DE NUIT MILESTONE ARMAF, un perfume unisex de larga duraci\u00f3n, con un aroma tan \u00fanico y potente, que te har\u00e1 lucir sutil y cautivador. Una fragancia que vaporiza clase, y un estilo que todos querr\u00e1n admirar.<\/p>\n","protected":false},"featured_media":7230,"template":"","meta":[],"product_cat":[41],"product_tag":[],"_links":{"self":[{"href":"https:\/\/grafity-eu.com\/web2\/wp-json\/wp\/v2\/product\/7229"}],"collection":[{"href":"https:\/\/grafity-eu.com\/web2\/wp-json\/wp\/v2\/product"}],"about":[{"href":"https:\/\/grafity-eu.com\/web2\/wp-json\/wp\/v2\/types\/product"}],"wp:featuredmedia":[{"embeddable":true,"href":"https:\/\/grafity-eu.com\/web2\/wp-json\/wp\/v2\/media\/7230"}],"wp:attachment":[{"href":"https:\/\/grafity-eu.com\/web2\/wp-json\/wp\/v2\/media?parent=7229"}],"wp:term":[{"taxonomy":"product_cat","embeddable":true,"href":"https:\/\/grafity-eu.com\/web2\/wp-json\/wp\/v2\/product_cat?post=7229"},{"taxonomy":"product_tag","embeddable":true,"href":"https:\/\/grafity-eu.com\/web2\/wp-json\/wp\/v2\/product_tag?post=7229"}],"curies":[{"name":"wp","href":"https:\/\/api.w.org\/{rel}","templated":true}]}}