{"id":7169,"date":"2024-02-20T19:50:22","date_gmt":"2024-02-21T00:50:22","guid":{"rendered":"https:\/\/grafity-eu.com\/web2\/?post_type=product&#038;p=7169"},"modified":"2024-02-20T19:50:53","modified_gmt":"2024-02-21T00:50:53","slug":"gf1311-king-of-seduction-antonio-banderas","status":"publish","type":"product","link":"https:\/\/grafity-eu.com\/web2\/producto\/gf1311-king-of-seduction-antonio-banderas\/","title":{"rendered":"GF1311 KING OF SEDUCTION ANTONIO BANDERAS"},"content":{"rendered":"<p style=\"font-weight: 400;\">Marca: Antonio Banderas<\/p>\n<p style=\"font-weight: 400;\">Modelo: King Of Seduction<\/p>\n<p style=\"font-weight: 400;\">Referencias:\u00a0GF\u00a01311<\/p>\n<p style=\"font-weight: 400;\">G\u00e9nero: Hombre<\/p>\n<p style=\"font-weight: 400;\">Contenido: 100 ml<\/p>\n<p style=\"font-weight: 400;\">Ocasi\u00f3n: D\u00eda y Noche<\/p>\n<p style=\"font-weight: 400;\">Aroma: Amaderada-Arom\u00e1tica<\/p>\n<p style=\"font-weight: 400;\">Condici\u00f3n del producto: Nuevo<\/p>\n<p style=\"font-weight: 400;\">Notas de coraz\u00f3n: Notas Marinas, Jazm\u00edn, Cardamomo, Neroli<\/p>\n<p style=\"font-weight: 400;\">Notas de Salida: Pi\u00f1a, Bergamota, Mel\u00f3n, Toronja (Pomelo), Manzana Verde<\/p>\n<p style=\"font-weight: 400;\">Notas de Fondo: Vetiver, Almizcle Blanco, Cedro, Gamuza, \u00c1mbar<\/p>\n<p style=\"font-weight: 400;\">No testeado en Animales<\/p>\n<p>&nbsp;<\/p>\n<p style=\"font-weight: 400;\">KING OF SEDUCTION ANTONIO BANDERAS, un perfume digno de un rey. La encarnaci\u00f3n de la fuerza masculina y el poder definitivo de la seducci\u00f3n. Sus notas vaporizan un aroma fresco y \u00fanico que te adentran en el intenso y cautivador mundo de la atracci\u00f3n.<\/p>\n","protected":false},"excerpt":{"rendered":"<p>calidad\u00a0<em><strong>AAA 1.1<\/strong><\/em><\/p>\n<p>KING OF SEDUCTION ANTONIO BANDERAS, un perfume digno de un rey. La encarnaci\u00f3n de la fuerza masculina y el poder definitivo de la seducci\u00f3n. Sus notas vaporizan un aroma fresco y \u00fanico que te adentran en el intenso y cautivador mundo de la atracci\u00f3n.<\/p>\n","protected":false},"featured_media":7170,"template":"","meta":[],"product_cat":[41],"product_tag":[],"_links":{"self":[{"href":"https:\/\/grafity-eu.com\/web2\/wp-json\/wp\/v2\/product\/7169"}],"collection":[{"href":"https:\/\/grafity-eu.com\/web2\/wp-json\/wp\/v2\/product"}],"about":[{"href":"https:\/\/grafity-eu.com\/web2\/wp-json\/wp\/v2\/types\/product"}],"wp:featuredmedia":[{"embeddable":true,"href":"https:\/\/grafity-eu.com\/web2\/wp-json\/wp\/v2\/media\/7170"}],"wp:attachment":[{"href":"https:\/\/grafity-eu.com\/web2\/wp-json\/wp\/v2\/media?parent=7169"}],"wp:term":[{"taxonomy":"product_cat","embeddable":true,"href":"https:\/\/grafity-eu.com\/web2\/wp-json\/wp\/v2\/product_cat?post=7169"},{"taxonomy":"product_tag","embeddable":true,"href":"https:\/\/grafity-eu.com\/web2\/wp-json\/wp\/v2\/product_tag?post=7169"}],"curies":[{"name":"wp","href":"https:\/\/api.w.org\/{rel}","templated":true}]}}