{"id":7162,"date":"2024-02-20T18:52:05","date_gmt":"2024-02-20T23:52:05","guid":{"rendered":"https:\/\/grafity-eu.com\/web2\/?post_type=product&#038;p=7162"},"modified":"2024-02-20T18:52:33","modified_gmt":"2024-02-20T23:52:33","slug":"gf1310-escape-calvin-klein","status":"publish","type":"product","link":"https:\/\/grafity-eu.com\/web2\/producto\/gf1310-escape-calvin-klein\/","title":{"rendered":"GF1310 ESCAPE CALVIN KLEIN"},"content":{"rendered":"<p style=\"font-weight: 400;\">Marca: Calvin Klein<\/p>\n<p style=\"font-weight: 400;\">Modelo: Escape<\/p>\n<p style=\"font-weight: 400;\">Referencias:\u00a0GF\u00a01310<\/p>\n<p style=\"font-weight: 400;\">G\u00e9nero: Mujer<\/p>\n<p style=\"font-weight: 400;\">Contenido: 100 ml<\/p>\n<p style=\"font-weight: 400;\">Ocasi\u00f3n: D\u00eda y Noche<\/p>\n<p style=\"font-weight: 400;\">Aroma: Floral-Acu\u00e1tica<\/p>\n<p style=\"font-weight: 400;\">Condici\u00f3n del producto: Nuevo<\/p>\n<p style=\"font-weight: 400;\">Notas de coraz\u00f3n: Durazno (Melocot\u00f3n), Lirio de los Valles (Muguete), Clavel, Rosas, Jazm\u00edn, Clavos de Olor<\/p>\n<p style=\"font-weight: 400;\">Notas de Salida: Mel\u00f3n, Manzanilla, Cal\u00e9ndula, Cempas\u00fachil (Tagete, Clavel\u00f3n), Chabacano, Jacinto, Musgo de Roble, Manzana, Cilantro, Mandarina, Ylang-Ylang, Lichi, Grosellas Negras, Casia<\/p>\n<p style=\"font-weight: 400;\">Notas de Fondo: Musgo de Roble, Almizcle, S\u00e1ndalo, \u00c1mbar, Vetiver, Cedro, Vainilla<\/p>\n<p style=\"font-weight: 400;\">No testeado en Animales<\/p>\n<p>&nbsp;<\/p>\n<p style=\"font-weight: 400;\">ESCAPE CALVIN KLEIN, una fragancia femenina, sensual y rom\u00e1ntica, inspirada en la mujer cautivadora, que busca destacar su delicadeza y elegancia. Su aroma floral frutal con un toque oce\u00e1nico evoca una sensaci\u00f3n de excitaci\u00f3n permanente y seducci\u00f3n. \u00a1Escapa de la realidad del d\u00eda a d\u00eda y entr\u00e9gate a tus sue\u00f1os m\u00e1s intensos!<\/p>\n","protected":false},"excerpt":{"rendered":"<p>calidad\u00a0<em><strong>AAA 1.1<\/strong><\/em><\/p>\n<p>ESCAPE CALVIN KLEIN, una fragancia femenina, sensual y rom\u00e1ntica, inspirada en la mujer cautivadora, que busca destacar su delicadeza y elegancia. Su aroma floral frutal con un toque oce\u00e1nico evoca una sensaci\u00f3n de excitaci\u00f3n permanente y seducci\u00f3n. \u00a1Escapa de la realidad del d\u00eda a d\u00eda y entr\u00e9gate a tus sue\u00f1os m\u00e1s intensos!<\/p>\n","protected":false},"featured_media":7163,"template":"","meta":[],"product_cat":[41],"product_tag":[],"_links":{"self":[{"href":"https:\/\/grafity-eu.com\/web2\/wp-json\/wp\/v2\/product\/7162"}],"collection":[{"href":"https:\/\/grafity-eu.com\/web2\/wp-json\/wp\/v2\/product"}],"about":[{"href":"https:\/\/grafity-eu.com\/web2\/wp-json\/wp\/v2\/types\/product"}],"wp:featuredmedia":[{"embeddable":true,"href":"https:\/\/grafity-eu.com\/web2\/wp-json\/wp\/v2\/media\/7163"}],"wp:attachment":[{"href":"https:\/\/grafity-eu.com\/web2\/wp-json\/wp\/v2\/media?parent=7162"}],"wp:term":[{"taxonomy":"product_cat","embeddable":true,"href":"https:\/\/grafity-eu.com\/web2\/wp-json\/wp\/v2\/product_cat?post=7162"},{"taxonomy":"product_tag","embeddable":true,"href":"https:\/\/grafity-eu.com\/web2\/wp-json\/wp\/v2\/product_tag?post=7162"}],"curies":[{"name":"wp","href":"https:\/\/api.w.org\/{rel}","templated":true}]}}