{"id":7151,"date":"2024-02-20T18:42:12","date_gmt":"2024-02-20T23:42:12","guid":{"rendered":"https:\/\/grafity-eu.com\/web2\/?post_type=product&#038;p=7151"},"modified":"2024-02-20T18:42:52","modified_gmt":"2024-02-20T23:42:52","slug":"gf1309-versense-versace","status":"publish","type":"product","link":"https:\/\/grafity-eu.com\/web2\/producto\/gf1309-versense-versace\/","title":{"rendered":"GF1309 VERSENSE VERSACE"},"content":{"rendered":"<p style=\"font-weight: 400;\">Marca: Versace<\/p>\n<p style=\"font-weight: 400;\">Modelo: Versense<\/p>\n<p style=\"font-weight: 400;\">Referencias:\u00a0GF\u00a01309<\/p>\n<p style=\"font-weight: 400;\">G\u00e9nero: Mujer<\/p>\n<p style=\"font-weight: 400;\">Contenido: 100 ml<\/p>\n<p style=\"font-weight: 400;\">Ocasi\u00f3n: D\u00eda y Noche<\/p>\n<p style=\"font-weight: 400;\">Aroma: Almizcle-Amaderado<\/p>\n<p style=\"font-weight: 400;\">Condici\u00f3n del producto: Nuevo<\/p>\n<p style=\"font-weight: 400;\">Notas de coraz\u00f3n: Cardamomo, Azucena, Jazm\u00edn, Narciso<\/p>\n<p style=\"font-weight: 400;\">Notas de Salida: Bergamota, C\u00edtricos, Mandarina Verde, Higo, Pera<\/p>\n<p style=\"font-weight: 400;\">Notas de Fondo: Cedro de Virginia, Almizcle, Olivo, S\u00e1ndalo<\/p>\n<p style=\"font-weight: 400;\">No testeado en Animales<\/p>\n<p>&nbsp;<\/p>\n<p style=\"font-weight: 400;\">VERSENSE VERSACE, la encarnaci\u00f3n de una mujer segura y con car\u00e1cter. Una fragancia fresca que combina el encanto inesperado de sus notas frutales y c\u00e1lidas para transportarte a una experiencia olfativa de sofisticaci\u00f3n y feminidad. El perfume ideal para aquellas mujeres que buscan el equilibrio y la elegancia en su d\u00eda a d\u00eda<\/p>\n","protected":false},"excerpt":{"rendered":"<p>calidad\u00a0<em><strong>AAA 1.1<\/strong><\/em><\/p>\n<p>VERSENSE VERSACE, la encarnaci\u00f3n de una mujer segura y con car\u00e1cter. Una fragancia fresca que combina el encanto inesperado de sus notas frutales y c\u00e1lidas para transportarte a una experiencia olfativa de sofisticaci\u00f3n y feminidad.<\/p>\n","protected":false},"featured_media":7152,"template":"","meta":[],"product_cat":[41],"product_tag":[],"_links":{"self":[{"href":"https:\/\/grafity-eu.com\/web2\/wp-json\/wp\/v2\/product\/7151"}],"collection":[{"href":"https:\/\/grafity-eu.com\/web2\/wp-json\/wp\/v2\/product"}],"about":[{"href":"https:\/\/grafity-eu.com\/web2\/wp-json\/wp\/v2\/types\/product"}],"wp:featuredmedia":[{"embeddable":true,"href":"https:\/\/grafity-eu.com\/web2\/wp-json\/wp\/v2\/media\/7152"}],"wp:attachment":[{"href":"https:\/\/grafity-eu.com\/web2\/wp-json\/wp\/v2\/media?parent=7151"}],"wp:term":[{"taxonomy":"product_cat","embeddable":true,"href":"https:\/\/grafity-eu.com\/web2\/wp-json\/wp\/v2\/product_cat?post=7151"},{"taxonomy":"product_tag","embeddable":true,"href":"https:\/\/grafity-eu.com\/web2\/wp-json\/wp\/v2\/product_tag?post=7151"}],"curies":[{"name":"wp","href":"https:\/\/api.w.org\/{rel}","templated":true}]}}