{"id":7139,"date":"2024-02-20T18:34:12","date_gmt":"2024-02-20T23:34:12","guid":{"rendered":"https:\/\/grafity-eu.com\/web2\/?post_type=product&#038;p=7139"},"modified":"2024-02-20T18:36:08","modified_gmt":"2024-02-20T23:36:08","slug":"gf1308-gold-fresh-couture-moschino","status":"publish","type":"product","link":"https:\/\/grafity-eu.com\/web2\/producto\/gf1308-gold-fresh-couture-moschino\/","title":{"rendered":"GF1308 GOLD FRESH COUTURE MOSCHINO"},"content":{"rendered":"<p style=\"font-weight: 400;\">Marca: Moschino<\/p>\n<p style=\"font-weight: 400;\">Modelo: Gold Fresh Couture<\/p>\n<p style=\"font-weight: 400;\">Referencias:\u00a0GF\u00a01308<\/p>\n<p style=\"font-weight: 400;\">G\u00e9nero: Mujer<\/p>\n<p style=\"font-weight: 400;\">Contenido: 100 ml<\/p>\n<p style=\"font-weight: 400;\">Ocasi\u00f3n: D\u00eda y Noche<\/p>\n<p style=\"font-weight: 400;\">Aroma: Floral-Frutal<\/p>\n<p style=\"font-weight: 400;\">Condici\u00f3n del producto: Nuevo<\/p>\n<p style=\"font-weight: 400;\">Notas de coraz\u00f3n: Orqu\u00eddea, Jazm\u00edn, Lirio de los Valles (Muguete)<\/p>\n<p style=\"font-weight: 400;\">Notas de Salida: Pera, Mango, Durazno Blanco (Melocot\u00f3n Blanco), Hojas de Ruibarbo, Mandarina, Toronja (Pomelo)<\/p>\n<p style=\"font-weight: 400;\">Notas de Fondo: Vainilla, Almizcle, Akigalawood, S\u00e1ndalo, Pachuli<\/p>\n<p style=\"font-weight: 400;\">No testeado en Animales<\/p>\n<p>&nbsp;<\/p>\n<p style=\"font-weight: 400;\">GOLD FRESH COUTURE MOSCHINO, un perfume cargado de deseo y excitaci\u00f3n, con un aroma fresco y c\u00edtrico, que combina sus notas para transmitir deliciosas emociones que hacen una oda a la feminidad y a la esencia misma de la mujer. Sus destellos golosos te transmiten a un mundo de vitalidad y fuerza, ofreciendo una fragancia totalmente equilibrada y adictiva.<\/p>\n","protected":false},"excerpt":{"rendered":"<p>calidad\u00a0<em><strong>AAA 1.1<\/strong><\/em><\/p>\n<p>GOLD FRESH COUTURE MOSCHINO, un perfume cargado de deseo y excitaci\u00f3n, con un aroma fresco y c\u00edtrico, que combina sus notas para transmitir deliciosas emociones que hacen una oda a la feminidad y a la esencia misma de la mujer. Sus destellos golosos te transmiten a un mundo de vitalidad y fuerza.<\/p>\n","protected":false},"featured_media":7140,"template":"","meta":[],"product_cat":[41],"product_tag":[],"_links":{"self":[{"href":"https:\/\/grafity-eu.com\/web2\/wp-json\/wp\/v2\/product\/7139"}],"collection":[{"href":"https:\/\/grafity-eu.com\/web2\/wp-json\/wp\/v2\/product"}],"about":[{"href":"https:\/\/grafity-eu.com\/web2\/wp-json\/wp\/v2\/types\/product"}],"wp:featuredmedia":[{"embeddable":true,"href":"https:\/\/grafity-eu.com\/web2\/wp-json\/wp\/v2\/media\/7140"}],"wp:attachment":[{"href":"https:\/\/grafity-eu.com\/web2\/wp-json\/wp\/v2\/media?parent=7139"}],"wp:term":[{"taxonomy":"product_cat","embeddable":true,"href":"https:\/\/grafity-eu.com\/web2\/wp-json\/wp\/v2\/product_cat?post=7139"},{"taxonomy":"product_tag","embeddable":true,"href":"https:\/\/grafity-eu.com\/web2\/wp-json\/wp\/v2\/product_tag?post=7139"}],"curies":[{"name":"wp","href":"https:\/\/api.w.org\/{rel}","templated":true}]}}