{"id":6726,"date":"2024-02-18T16:05:17","date_gmt":"2024-02-18T21:05:17","guid":{"rendered":"https:\/\/grafity-eu.com\/web2\/?post_type=product&#038;p=6726"},"modified":"2024-02-18T16:09:47","modified_gmt":"2024-02-18T21:09:47","slug":"gf1266-viking-creed","status":"publish","type":"product","link":"https:\/\/grafity-eu.com\/web2\/producto\/gf1266-viking-creed\/","title":{"rendered":"GF1266 VIKING CREED"},"content":{"rendered":"<p style=\"font-weight: 400;\">Marca: Creed<\/p>\n<p style=\"font-weight: 400;\">Modelo: Viking Creed<\/p>\n<p style=\"font-weight: 400;\">Referencias:\u00a0GF\u00a01266<\/p>\n<p style=\"font-weight: 400;\">G\u00e9nero: Hombre<\/p>\n<p style=\"font-weight: 400;\">Contenido: 100 ml<\/p>\n<p style=\"font-weight: 400;\">Ocasi\u00f3n: D\u00eda y Noche<\/p>\n<p style=\"font-weight: 400;\">Aroma: Amaderado<\/p>\n<p style=\"font-weight: 400;\">Condici\u00f3n del producto: Nuevo<\/p>\n<p style=\"font-weight: 400;\">Notas de coraz\u00f3n: pimienta Rosa, Rosa de Bulgaria, Menta Picante<\/p>\n<p style=\"font-weight: 400;\">Notas de Salida: Pimienta Rosa, Bergamota de Calabria, Lim\u00f3n Siciliano<\/p>\n<p style=\"font-weight: 400;\">Notas de Fondo: S\u00e1ndalo, Vetiver de Hait\u00ed, Pachul\u00ed Hind\u00fa, Lavanda<\/p>\n<p style=\"font-weight: 400;\">No testeado en Animales<\/p>\n<p>&nbsp;<\/p>\n<p style=\"font-weight: 400;\">VIKING CREED, un emblem\u00e1tico perfume de lujo que embotella un esp\u00edritu ardiente, inspirado en el hombre aventurero que no siente miedo de ir en contra de la corriente.\u00a0 Sus notas encarnan la determinaci\u00f3n desenfrenada de conquistar el mundo y sus hermosos paisajes naturales. Una pieza central de la era vikinga y la mayor haza\u00f1a en dise\u00f1o del sigo XXI<\/p>\n","protected":false},"excerpt":{"rendered":"<p>calidad\u00a0<em><strong>AAA 1.1<\/strong><\/em><\/p>\n<p>VIKING CREED, un emblem\u00e1tico perfume de lujo que embotella un esp\u00edritu ardiente, inspirado en el hombre aventurero que no siente miedo de ir en contra de la corriente.\u00a0 Sus notas encarnan la determinaci\u00f3n desenfrenada de conquistar el mundo y sus hermosos paisajes naturales. Una pieza central de la era vikinga y la mayor haza\u00f1a en dise\u00f1o del sigo XXI.<\/p>\n","protected":false},"featured_media":6727,"template":"","meta":[],"product_cat":[41],"product_tag":[],"_links":{"self":[{"href":"https:\/\/grafity-eu.com\/web2\/wp-json\/wp\/v2\/product\/6726"}],"collection":[{"href":"https:\/\/grafity-eu.com\/web2\/wp-json\/wp\/v2\/product"}],"about":[{"href":"https:\/\/grafity-eu.com\/web2\/wp-json\/wp\/v2\/types\/product"}],"wp:featuredmedia":[{"embeddable":true,"href":"https:\/\/grafity-eu.com\/web2\/wp-json\/wp\/v2\/media\/6727"}],"wp:attachment":[{"href":"https:\/\/grafity-eu.com\/web2\/wp-json\/wp\/v2\/media?parent=6726"}],"wp:term":[{"taxonomy":"product_cat","embeddable":true,"href":"https:\/\/grafity-eu.com\/web2\/wp-json\/wp\/v2\/product_cat?post=6726"},{"taxonomy":"product_tag","embeddable":true,"href":"https:\/\/grafity-eu.com\/web2\/wp-json\/wp\/v2\/product_tag?post=6726"}],"curies":[{"name":"wp","href":"https:\/\/api.w.org\/{rel}","templated":true}]}}