{"id":6717,"date":"2024-02-18T15:57:10","date_gmt":"2024-02-18T20:57:10","guid":{"rendered":"https:\/\/grafity-eu.com\/web2\/?post_type=product&#038;p=6717"},"modified":"2024-02-18T15:57:39","modified_gmt":"2024-02-18T20:57:39","slug":"gf1265-good-girl-gold-fantasy-carolina-herrera","status":"publish","type":"product","link":"https:\/\/grafity-eu.com\/web2\/producto\/gf1265-good-girl-gold-fantasy-carolina-herrera\/","title":{"rendered":"GF1265 GOOD GIRL GOLD FANTASY CAROLINA HERRERA"},"content":{"rendered":"<p>Marca: Carolina Herrera<\/p>\n<p>Modelo: Good Girl Gold Fantasy<\/p>\n<p>Referencias:\u00a0GF\u00a01265<\/p>\n<p>G\u00e9nero: Mujer<\/p>\n<p>Contenido: 80 ml<\/p>\n<p>Ocasi\u00f3n: D\u00eda y Noche<\/p>\n<p>Aroma: \u00c1mbar-Floral<\/p>\n<p>Condici\u00f3n del producto: Nuevo<\/p>\n<p>Notas de coraz\u00f3n: Jazm\u00edn, Sambac, Nardos<\/p>\n<p>Notas de Salida: Almendra, Caf\u00e9<\/p>\n<p>Notas de Fondo: Haba Tonka, Cacao<\/p>\n<p>No testeado en Animales<\/p>\n<p>&nbsp;<\/p>\n<p>GOOD GIRL GOLD FANTASY CAROLINA HERRERA, un perfume de alta costura, que despliega su aroma s\u00faper femenino, gracias a la combinaci\u00f3n de sus notas dulces y el jazm\u00edn. Su estela vaporiza elegancia, dibujando a una mujer poderosa, sexy y libre, que pisa fuerte a donde quiera que llega.<\/p>\n","protected":false},"excerpt":{"rendered":"<p>calidad\u00a0<em><strong>AAA 1.1<\/strong><\/em><\/p>\n<p>GOOD GIRL GOLD FANTASY CAROLINA HERRERA, un perfume de alta costura, que despliega su aroma s\u00faper femenino, gracias a la combinaci\u00f3n de sus notas dulces y el jazm\u00edn. Su estela vaporiza elegancia, dibujando a una mujer poderosa, sexy y libre, que pisa fuerte a donde quiera que llega.<\/p>\n","protected":false},"featured_media":6718,"template":"","meta":[],"product_cat":[41],"product_tag":[],"_links":{"self":[{"href":"https:\/\/grafity-eu.com\/web2\/wp-json\/wp\/v2\/product\/6717"}],"collection":[{"href":"https:\/\/grafity-eu.com\/web2\/wp-json\/wp\/v2\/product"}],"about":[{"href":"https:\/\/grafity-eu.com\/web2\/wp-json\/wp\/v2\/types\/product"}],"wp:featuredmedia":[{"embeddable":true,"href":"https:\/\/grafity-eu.com\/web2\/wp-json\/wp\/v2\/media\/6718"}],"wp:attachment":[{"href":"https:\/\/grafity-eu.com\/web2\/wp-json\/wp\/v2\/media?parent=6717"}],"wp:term":[{"taxonomy":"product_cat","embeddable":true,"href":"https:\/\/grafity-eu.com\/web2\/wp-json\/wp\/v2\/product_cat?post=6717"},{"taxonomy":"product_tag","embeddable":true,"href":"https:\/\/grafity-eu.com\/web2\/wp-json\/wp\/v2\/product_tag?post=6717"}],"curies":[{"name":"wp","href":"https:\/\/api.w.org\/{rel}","templated":true}]}}