{"id":6706,"date":"2024-02-18T15:50:23","date_gmt":"2024-02-18T20:50:23","guid":{"rendered":"https:\/\/grafity-eu.com\/web2\/?post_type=product&#038;p=6706"},"modified":"2024-02-18T15:51:07","modified_gmt":"2024-02-18T20:51:07","slug":"gf1264-good-girl-superstars-collector-edition-2021-carolina-herrera","status":"publish","type":"product","link":"https:\/\/grafity-eu.com\/web2\/producto\/gf1264-good-girl-superstars-collector-edition-2021-carolina-herrera\/","title":{"rendered":"GF1264 GOOD GIRL SUPERSTARS COLLECTOR EDITION 2021 CAROLINA HERRERA"},"content":{"rendered":"<p style=\"font-weight: 400;\">Marca: Carolina Herrera<\/p>\n<p style=\"font-weight: 400;\">Modelo: Good Girl Superstars Collector Edition 2021<\/p>\n<p style=\"font-weight: 400;\">Referencias:\u00a0GF\u00a01264<\/p>\n<p style=\"font-weight: 400;\">G\u00e9nero: Mujer<\/p>\n<p style=\"font-weight: 400;\">Contenido: 80 ml<\/p>\n<p style=\"font-weight: 400;\">Ocasi\u00f3n: D\u00eda y Noche<\/p>\n<p style=\"font-weight: 400;\">Aroma: \u00c1mbar-Floral<\/p>\n<p style=\"font-weight: 400;\">Condici\u00f3n del producto: Nuevo<\/p>\n<p style=\"font-weight: 400;\">Notas de coraz\u00f3n: Nardos, Jazm\u00edn Sambac (Sampaguita), Ra\u00edz de Lirio, Rosa de Bulgaria (Rosa Damascena de Bulgaria), Flor de Azahar del Naranjo<\/p>\n<p style=\"font-weight: 400;\">Notas de Salida: Flor de Azahar del Naranjo, Notas Amaderadas<\/p>\n<p style=\"font-weight: 400;\">Notas de Fondo: Vainilla, Pralin\u00e9, Madera de Cachemira, Almizcle, Haba Tonka, Cacao, Canela, \u00c1mbar, S\u00e1ndalo, Pachul\u00ed, Cedro.<\/p>\n<p style=\"font-weight: 400;\">No testeado en Animales<\/p>\n<p>&nbsp;<\/p>\n<p style=\"font-weight: 400;\">GOOD GIRL SUPERSTARS COLLECTOR EDITION 2021 CAROLINA HERRERA, un perfume legendario inspirado en la visi\u00f3n \u00fanica de su creadora. Su aroma representa la dualidad de la mujer moderna, transmitiendo la seguridad que desprende de las m\u00e1s grandes estrellas. Una fragancia con mucho estilo y personalidad<\/p>\n","protected":false},"excerpt":{"rendered":"<p>calidad\u00a0<em><strong>AAA 1.1<\/strong><\/em><\/p>\n<p>GOOD GIRL SUPERSTARS COLLECTOR EDITION 2021 CAROLINA HERRERA, un perfume legendario inspirado en la visi\u00f3n \u00fanica de su creadora. Su aroma representa la dualidad de la mujer moderna, transmitiendo la seguridad que desprende de las m\u00e1s grandes estrellas.<\/p>\n","protected":false},"featured_media":6707,"template":"","meta":[],"product_cat":[41],"product_tag":[],"_links":{"self":[{"href":"https:\/\/grafity-eu.com\/web2\/wp-json\/wp\/v2\/product\/6706"}],"collection":[{"href":"https:\/\/grafity-eu.com\/web2\/wp-json\/wp\/v2\/product"}],"about":[{"href":"https:\/\/grafity-eu.com\/web2\/wp-json\/wp\/v2\/types\/product"}],"wp:featuredmedia":[{"embeddable":true,"href":"https:\/\/grafity-eu.com\/web2\/wp-json\/wp\/v2\/media\/6707"}],"wp:attachment":[{"href":"https:\/\/grafity-eu.com\/web2\/wp-json\/wp\/v2\/media?parent=6706"}],"wp:term":[{"taxonomy":"product_cat","embeddable":true,"href":"https:\/\/grafity-eu.com\/web2\/wp-json\/wp\/v2\/product_cat?post=6706"},{"taxonomy":"product_tag","embeddable":true,"href":"https:\/\/grafity-eu.com\/web2\/wp-json\/wp\/v2\/product_tag?post=6706"}],"curies":[{"name":"wp","href":"https:\/\/api.w.org\/{rel}","templated":true}]}}