{"id":6687,"date":"2024-02-18T15:37:49","date_gmt":"2024-02-18T20:37:49","guid":{"rendered":"https:\/\/grafity-eu.com\/web2\/?post_type=product&#038;p=6687"},"modified":"2024-02-18T15:38:43","modified_gmt":"2024-02-18T20:38:43","slug":"gf1262-legend-night-montblanc","status":"publish","type":"product","link":"https:\/\/grafity-eu.com\/web2\/producto\/gf1262-legend-night-montblanc\/","title":{"rendered":"GF1262 LEGEND NIGHT MONTBLANC"},"content":{"rendered":"<p style=\"font-weight: 400;\">Marca: Montblanc<\/p>\n<p style=\"font-weight: 400;\">Modelo: Legend Night<\/p>\n<p style=\"font-weight: 400;\">Referencias:\u00a0GF\u00a01262<\/p>\n<p style=\"font-weight: 400;\">G\u00e9nero: Hombre<\/p>\n<p style=\"font-weight: 400;\">Contenido: 100 ml<\/p>\n<p style=\"font-weight: 400;\">Ocasi\u00f3n: D\u00eda y Noche<\/p>\n<p style=\"font-weight: 400;\">Aroma: Amaderada-Arom\u00e1tica<\/p>\n<p style=\"font-weight: 400;\">Condici\u00f3n del producto: Nuevo<\/p>\n<p style=\"font-weight: 400;\">Notas de coraz\u00f3n: Manzana. Lavanda, Violeta, Cedro, Resina de Abeto<\/p>\n<p style=\"font-weight: 400;\">Notas de Salida: Cardamomo, Menta, Esclarea, Bergamota<\/p>\n<p style=\"font-weight: 400;\">Notas de Fondo: Vaina de Vainilla Negra, Akigalawood, Almizcle, Pachuli, Vetiver<\/p>\n<p style=\"font-weight: 400;\">No testeado en Animales<\/p>\n<p>&nbsp;<\/p>\n<p style=\"font-weight: 400;\">LEGEND NIGHT MONTBLANC, una fragancia supremamente sensual que revela la esencia de un hombre refinado, elegante y adem\u00e1s enamoradizo. Sus notas amaderadas se combinan como una interpretaci\u00f3n que vaporiza un aroma \u00fanico e irresistible que te acompa\u00f1ar\u00e1 a lo largo del d\u00eda.<\/p>\n","protected":false},"excerpt":{"rendered":"<p>calidad\u00a0<em><strong>AAA 1.1<\/strong><\/em><\/p>\n<p>LEGEND NIGHT MONTBLANC, una fragancia supremamente sensual que revela la esencia de un hombre refinado, elegante y adem\u00e1s enamoradizo. Sus notas amaderadas se combinan como una interpretaci\u00f3n que vaporiza un aroma \u00fanico e irresistible que te acompa\u00f1ar\u00e1 a lo largo del d\u00eda.<\/p>\n","protected":false},"featured_media":6688,"template":"","meta":[],"product_cat":[41],"product_tag":[],"_links":{"self":[{"href":"https:\/\/grafity-eu.com\/web2\/wp-json\/wp\/v2\/product\/6687"}],"collection":[{"href":"https:\/\/grafity-eu.com\/web2\/wp-json\/wp\/v2\/product"}],"about":[{"href":"https:\/\/grafity-eu.com\/web2\/wp-json\/wp\/v2\/types\/product"}],"wp:featuredmedia":[{"embeddable":true,"href":"https:\/\/grafity-eu.com\/web2\/wp-json\/wp\/v2\/media\/6688"}],"wp:attachment":[{"href":"https:\/\/grafity-eu.com\/web2\/wp-json\/wp\/v2\/media?parent=6687"}],"wp:term":[{"taxonomy":"product_cat","embeddable":true,"href":"https:\/\/grafity-eu.com\/web2\/wp-json\/wp\/v2\/product_cat?post=6687"},{"taxonomy":"product_tag","embeddable":true,"href":"https:\/\/grafity-eu.com\/web2\/wp-json\/wp\/v2\/product_tag?post=6687"}],"curies":[{"name":"wp","href":"https:\/\/api.w.org\/{rel}","templated":true}]}}