{"id":6678,"date":"2024-02-18T15:33:38","date_gmt":"2024-02-18T20:33:38","guid":{"rendered":"https:\/\/grafity-eu.com\/web2\/?post_type=product&#038;p=6678"},"modified":"2024-02-18T15:33:59","modified_gmt":"2024-02-18T20:33:59","slug":"gf1261-legend-red-montblanc","status":"publish","type":"product","link":"https:\/\/grafity-eu.com\/web2\/producto\/gf1261-legend-red-montblanc\/","title":{"rendered":"GF1261 LEGEND RED MONTBLANC"},"content":{"rendered":"<p style=\"font-weight: 400;\">Marca: Montblanc<\/p>\n<p style=\"font-weight: 400;\">Modelo: Legend Red<\/p>\n<p style=\"font-weight: 400;\">Referencias:\u00a0GF\u00a01261<\/p>\n<p style=\"font-weight: 400;\">G\u00e9nero: Hombre<\/p>\n<p style=\"font-weight: 400;\">Contenido: 100 ml<\/p>\n<p style=\"font-weight: 400;\">Ocasi\u00f3n: D\u00eda y Noche<\/p>\n<p style=\"font-weight: 400;\">Aroma: Arom\u00e1tica- Fougere<\/p>\n<p style=\"font-weight: 400;\">Condici\u00f3n del producto: Nuevo<\/p>\n<p style=\"font-weight: 400;\">Notas de coraz\u00f3n: Cedro, Esclarea, Bayas de Enebro<\/p>\n<p style=\"font-weight: 400;\">Notas de Salida: Naranja Sanguina, Toronja (Pomelo), Cardamomo<\/p>\n<p style=\"font-weight: 400;\">Notas de Fondo: Cedro del Atlas, Caoba, Haba Tonka<\/p>\n<p style=\"font-weight: 400;\">No testeado en Animales<\/p>\n<p>&nbsp;<\/p>\n<p style=\"font-weight: 400;\">\u00a0LEGEND RED MONTBLANC, un perfume fresco como un n\u00e9ctar de naranja que inspira poder, fuerza y confianza. Una esencia que simboliza muchas emociones en el color rojo pasi\u00f3n de su envase, que se ensalza como el coraz\u00f3n de este perfume, exaltando la intensidad, masculinidad y elegancia del hombre Montblanc.<\/p>\n","protected":false},"excerpt":{"rendered":"<p>calidad\u00a0<em><strong>AAA 1.1<\/strong><\/em><\/p>\n<p>LEGEND RED MONTBLANC, un perfume fresco como un n\u00e9ctar de naranja que inspira poder, fuerza y confianza. Una esencia que simboliza muchas emociones en el color rojo pasi\u00f3n de su envase, que se ensalza como el coraz\u00f3n de este perfume, exaltando la intensidad, masculinidad y elegancia del hombre Montblanc.<\/p>\n","protected":false},"featured_media":6679,"template":"","meta":[],"product_cat":[41],"product_tag":[],"_links":{"self":[{"href":"https:\/\/grafity-eu.com\/web2\/wp-json\/wp\/v2\/product\/6678"}],"collection":[{"href":"https:\/\/grafity-eu.com\/web2\/wp-json\/wp\/v2\/product"}],"about":[{"href":"https:\/\/grafity-eu.com\/web2\/wp-json\/wp\/v2\/types\/product"}],"wp:featuredmedia":[{"embeddable":true,"href":"https:\/\/grafity-eu.com\/web2\/wp-json\/wp\/v2\/media\/6679"}],"wp:attachment":[{"href":"https:\/\/grafity-eu.com\/web2\/wp-json\/wp\/v2\/media?parent=6678"}],"wp:term":[{"taxonomy":"product_cat","embeddable":true,"href":"https:\/\/grafity-eu.com\/web2\/wp-json\/wp\/v2\/product_cat?post=6678"},{"taxonomy":"product_tag","embeddable":true,"href":"https:\/\/grafity-eu.com\/web2\/wp-json\/wp\/v2\/product_tag?post=6678"}],"curies":[{"name":"wp","href":"https:\/\/api.w.org\/{rel}","templated":true}]}}