{"id":6666,"date":"2024-02-17T20:39:06","date_gmt":"2024-02-18T01:39:06","guid":{"rendered":"https:\/\/grafity-eu.com\/web2\/?post_type=product&#038;p=6666"},"modified":"2024-02-17T20:39:44","modified_gmt":"2024-02-18T01:39:44","slug":"gf1260-good-girl-fantastic-pink-carolina-herrera","status":"publish","type":"product","link":"https:\/\/grafity-eu.com\/web2\/producto\/gf1260-good-girl-fantastic-pink-carolina-herrera\/","title":{"rendered":"GF1260 GOOD GIRL FANTASTIC PINK CAROLINA HERRERA"},"content":{"rendered":"<p style=\"font-weight: 400;\">Marca: Carolina Herrera<\/p>\n<p style=\"font-weight: 400;\">Modelo: Good Girl Fantastic Pink<\/p>\n<p style=\"font-weight: 400;\">Referencias:\u00a0GF\u00a01260<\/p>\n<p style=\"font-weight: 400;\">G\u00e9nero: Mujer<\/p>\n<p style=\"font-weight: 400;\">Contenido: 80 ml<\/p>\n<p style=\"font-weight: 400;\">Ocasi\u00f3n: D\u00eda y Noche<\/p>\n<p style=\"font-weight: 400;\">Aroma: \u00c1mbar-Floral<\/p>\n<p style=\"font-weight: 400;\">Condici\u00f3n del producto: Nuevo<\/p>\n<p style=\"font-weight: 400;\">Notas de coraz\u00f3n: Nardos, Jazm\u00edn Sambac (Sampaguita), Flor de Azahar del Naranjo, Rosa de Bulgaria (Rosa Damascena de Bulgaria), Ra\u00edz de Lirio<\/p>\n<p style=\"font-weight: 400;\">Notas de Salida: Caf\u00e9, Almendra, Lim\u00f3n (Lima \u00c1cida), Bergamota<\/p>\n<p style=\"font-weight: 400;\">Notas de Fondo: Haba Tonka, Vaina de Cacao, Pralin\u00e9, Vainilla, Madera de Cachemira, Canela, Pachul\u00ed, S\u00e1ndalo, \u00c1mbar, Almizcle, Cedro.<\/p>\n<p style=\"font-weight: 400;\">No testeado en Animales<\/p>\n<p>&nbsp;<\/p>\n<p style=\"font-weight: 400;\">GOOD GIRL FANTASTIC PINK CAROLINA HERRERA, es una fragancia nueva inspirada en la esencia misma de la feminidad, con aroma atrevido, sofisticado y rebelde cargado de mucho glamour. Ideal para aquellas mujeres que quieren destacar con un perfume distintivo y adem\u00e1s muy elegante. Su emblem\u00e1tico frasco dibuja el poder y la sensualidad de la mujer moderna.<\/p>\n","protected":false},"excerpt":{"rendered":"<p>calidad\u00a0<em><strong>AAA 1.1<\/strong><\/em><\/p>\n<p>GOOD GIRL FANTASTIC PINK CAROLINA HERRERA, es una fragancia nueva inspirada en la esencia misma de la feminidad, con aroma atrevido, sofisticado y rebelde cargado de mucho glamour. Ideal para aquellas mujeres que quieren destacar con un perfume distintivo y adem\u00e1s muy elegante.<\/p>\n","protected":false},"featured_media":6667,"template":"","meta":[],"product_cat":[41],"product_tag":[],"_links":{"self":[{"href":"https:\/\/grafity-eu.com\/web2\/wp-json\/wp\/v2\/product\/6666"}],"collection":[{"href":"https:\/\/grafity-eu.com\/web2\/wp-json\/wp\/v2\/product"}],"about":[{"href":"https:\/\/grafity-eu.com\/web2\/wp-json\/wp\/v2\/types\/product"}],"wp:featuredmedia":[{"embeddable":true,"href":"https:\/\/grafity-eu.com\/web2\/wp-json\/wp\/v2\/media\/6667"}],"wp:attachment":[{"href":"https:\/\/grafity-eu.com\/web2\/wp-json\/wp\/v2\/media?parent=6666"}],"wp:term":[{"taxonomy":"product_cat","embeddable":true,"href":"https:\/\/grafity-eu.com\/web2\/wp-json\/wp\/v2\/product_cat?post=6666"},{"taxonomy":"product_tag","embeddable":true,"href":"https:\/\/grafity-eu.com\/web2\/wp-json\/wp\/v2\/product_tag?post=6666"}],"curies":[{"name":"wp","href":"https:\/\/api.w.org\/{rel}","templated":true}]}}