{"id":6517,"date":"2024-02-17T19:04:17","date_gmt":"2024-02-18T00:04:17","guid":{"rendered":"https:\/\/grafity-eu.com\/web2\/?post_type=product&#038;p=6517"},"modified":"2024-02-17T19:05:11","modified_gmt":"2024-02-18T00:05:11","slug":"gf1245-eau-de-lacoste-l-12-12-noir-lacoste","status":"publish","type":"product","link":"https:\/\/grafity-eu.com\/web2\/producto\/gf1245-eau-de-lacoste-l-12-12-noir-lacoste\/","title":{"rendered":"GF1245 EAU DE LACOSTE L.12.12 NOIR LACOSTE"},"content":{"rendered":"<p style=\"font-weight: 400;\">Marca: Lacoste<\/p>\n<p style=\"font-weight: 400;\">Modelo: EAU De Lacoste L.12.12 Noir<\/p>\n<p style=\"font-weight: 400;\">Referencias:\u00a0GF\u00a01245<\/p>\n<p style=\"font-weight: 400;\">G\u00e9nero: Hombre<\/p>\n<p style=\"font-weight: 400;\">Contenido: 100 ml<\/p>\n<p style=\"font-weight: 400;\">Ocasi\u00f3n: D\u00eda y Noche<\/p>\n<p style=\"font-weight: 400;\">Aroma: Amaderada-Arom\u00e1tica<\/p>\n<p style=\"font-weight: 400;\">Condici\u00f3n del producto: Nuevo<\/p>\n<p style=\"font-weight: 400;\">Notas de coraz\u00f3n: Sand\u00eda<\/p>\n<p style=\"font-weight: 400;\">Notas de Salida: Albahaca<\/p>\n<p style=\"font-weight: 400;\">Notas de Fondo: Chocolate<\/p>\n<p style=\"font-weight: 400;\">No testeado en Animales<\/p>\n<p>&nbsp;<\/p>\n<p style=\"font-weight: 400;\">EAU DE LACOSTE L.12.12 NOIR LACOSTE, una fragancia intensa y refrescante que gracias a la mezcla de sus notas aporta una impronta arom\u00e1tica y fortificante, que te permitir\u00e1 lucir un aroma completamente varonil e inolvidable. Un icono del esp\u00edritu de la marca \u00a0Polo Lacoste.<\/p>\n","protected":false},"excerpt":{"rendered":"<p>calidad\u00a0<em><strong>AAA 1.1<\/strong><\/em><\/p>\n<p>EAU DE LACOSTE L.12.12 NOIR LACOSTE, una fragancia intensa y refrescante que gracias a la mezcla de sus notas aporta una impronta arom\u00e1tica y fortificante, que te permitir\u00e1 lucir un aroma completamente varonil e inolvidable. Un icono del esp\u00edritu de la marca \u00a0Polo Lacoste.<\/p>\n","protected":false},"featured_media":6518,"template":"","meta":[],"product_cat":[41],"product_tag":[],"_links":{"self":[{"href":"https:\/\/grafity-eu.com\/web2\/wp-json\/wp\/v2\/product\/6517"}],"collection":[{"href":"https:\/\/grafity-eu.com\/web2\/wp-json\/wp\/v2\/product"}],"about":[{"href":"https:\/\/grafity-eu.com\/web2\/wp-json\/wp\/v2\/types\/product"}],"wp:featuredmedia":[{"embeddable":true,"href":"https:\/\/grafity-eu.com\/web2\/wp-json\/wp\/v2\/media\/6518"}],"wp:attachment":[{"href":"https:\/\/grafity-eu.com\/web2\/wp-json\/wp\/v2\/media?parent=6517"}],"wp:term":[{"taxonomy":"product_cat","embeddable":true,"href":"https:\/\/grafity-eu.com\/web2\/wp-json\/wp\/v2\/product_cat?post=6517"},{"taxonomy":"product_tag","embeddable":true,"href":"https:\/\/grafity-eu.com\/web2\/wp-json\/wp\/v2\/product_tag?post=6517"}],"curies":[{"name":"wp","href":"https:\/\/api.w.org\/{rel}","templated":true}]}}