{"id":6239,"date":"2024-02-12T21:51:12","date_gmt":"2024-02-13T02:51:12","guid":{"rendered":"https:\/\/grafity-eu.com\/web2\/?post_type=product&#038;p=6239"},"modified":"2024-02-12T21:52:03","modified_gmt":"2024-02-13T02:52:03","slug":"gf1218-delicious-cotton-candy-gale-hayman","status":"publish","type":"product","link":"https:\/\/grafity-eu.com\/web2\/producto\/gf1218-delicious-cotton-candy-gale-hayman\/","title":{"rendered":"GF1218 DELICIOUS COTTON CANDY GALE HAYMAN"},"content":{"rendered":"<p style=\"font-weight: 400;\">Marca: Gale Hayman<\/p>\n<p style=\"font-weight: 400;\">Modelo: Delicious Cotton Candy<\/p>\n<p style=\"font-weight: 400;\">Referencias:\u00a0GF\u00a01218<\/p>\n<p style=\"font-weight: 400;\">G\u00e9nero: Mujer<\/p>\n<p style=\"font-weight: 400;\">Contenido: 100 ml<\/p>\n<p style=\"font-weight: 400;\">Ocasi\u00f3n: D\u00eda y Noche<\/p>\n<p style=\"font-weight: 400;\">Aroma: Floral-Frutal<\/p>\n<p style=\"font-weight: 400;\">Condici\u00f3n del producto: Nuevo<\/p>\n<p style=\"font-weight: 400;\">Notas de coraz\u00f3n: Hojas de Huguera, Fresa, Lirio de los Valles, Ciruela Regaliz<\/p>\n<p style=\"font-weight: 400;\">Notas de Salida: Bergamota, Naranja, Algod\u00f3n de Az\u00facar, Clementina<\/p>\n<p style=\"font-weight: 400;\">Notas de Fondo: Almizcle, Vainilla, Caramelo<\/p>\n<p style=\"font-weight: 400;\">No testeado en Animales<\/p>\n<p>&nbsp;<\/p>\n<p style=\"font-weight: 400;\">\u00a0\u00a0DELICIOUS COTTON CANDY GALE HAYMAN, un perfume que personifica a una mujer aut\u00e9ntica y adem\u00e1s muy femenina que disfruta de la vida con alegr\u00eda y encanto. Una joyita escondida demasiado sexy y tierna, sus toques un poco acaramelados, rosas y frutales le dan una sensaci\u00f3n de dulzura a su aroma. Catalogada como un im\u00e1n de cumplidos<\/p>\n","protected":false},"excerpt":{"rendered":"<p>calidad\u00a0<em><strong>AAA 1.1<\/strong><\/em><\/p>\n<p>DELICIOUS COTTON CANDY GALE HAYMAN, un perfume que personifica a una mujer aut\u00e9ntica y adem\u00e1s muy femenina que disfruta de la vida con alegr\u00eda y encanto. Una joyita escondida demasiado sexy y tierna, sus toques un poco acaramelados, rosas y frutales le dan una sensaci\u00f3n de dulzura a su aroma. Catalogada como un im\u00e1n de cumplidos.<\/p>\n","protected":false},"featured_media":6240,"template":"","meta":[],"product_cat":[41],"product_tag":[],"_links":{"self":[{"href":"https:\/\/grafity-eu.com\/web2\/wp-json\/wp\/v2\/product\/6239"}],"collection":[{"href":"https:\/\/grafity-eu.com\/web2\/wp-json\/wp\/v2\/product"}],"about":[{"href":"https:\/\/grafity-eu.com\/web2\/wp-json\/wp\/v2\/types\/product"}],"wp:featuredmedia":[{"embeddable":true,"href":"https:\/\/grafity-eu.com\/web2\/wp-json\/wp\/v2\/media\/6240"}],"wp:attachment":[{"href":"https:\/\/grafity-eu.com\/web2\/wp-json\/wp\/v2\/media?parent=6239"}],"wp:term":[{"taxonomy":"product_cat","embeddable":true,"href":"https:\/\/grafity-eu.com\/web2\/wp-json\/wp\/v2\/product_cat?post=6239"},{"taxonomy":"product_tag","embeddable":true,"href":"https:\/\/grafity-eu.com\/web2\/wp-json\/wp\/v2\/product_tag?post=6239"}],"curies":[{"name":"wp","href":"https:\/\/api.w.org\/{rel}","templated":true}]}}