{"id":6208,"date":"2024-02-12T21:30:18","date_gmt":"2024-02-13T02:30:18","guid":{"rendered":"https:\/\/grafity-eu.com\/web2\/?post_type=product&#038;p=6208"},"modified":"2024-02-12T21:33:34","modified_gmt":"2024-02-13T02:33:34","slug":"gf1215-life-energy-nautica","status":"publish","type":"product","link":"https:\/\/grafity-eu.com\/web2\/producto\/gf1215-life-energy-nautica\/","title":{"rendered":"GF1215 LIFE ENERGY NAUTICA"},"content":{"rendered":"<p style=\"font-weight: 400;\">Marca: Nautica<\/p>\n<p style=\"font-weight: 400;\">Modelo: Life Energy<\/p>\n<p style=\"font-weight: 400;\">Referencias:\u00a0GF\u00a01215<\/p>\n<p style=\"font-weight: 400;\">G\u00e9nero: Hombre<\/p>\n<p style=\"font-weight: 400;\">Contenido: 100 ml<\/p>\n<p style=\"font-weight: 400;\">Ocasi\u00f3n: D\u00eda y Noche<\/p>\n<p style=\"font-weight: 400;\">Aroma: Amaderada-Arom\u00e1tica<\/p>\n<p style=\"font-weight: 400;\">Condici\u00f3n del producto: Nuevo<\/p>\n<p style=\"font-weight: 400;\">Notas de coraz\u00f3n: Salvia, Lirio de los Valles (Muguete), Hiedra<\/p>\n<p style=\"font-weight: 400;\">Notas de Salida: Notas Marinas, Toronja (Pomelo), Bergamota<\/p>\n<p style=\"font-weight: 400;\">Notas de Fondo: Almizcle, Vetiver, Cedro<\/p>\n<p style=\"font-weight: 400;\">No testeado en Animales<\/p>\n<p>&nbsp;<\/p>\n<p style=\"font-weight: 400;\">LIFE ENERGY N\u00c1UTICA, una fragancia que se caracteriza por su aroma ligero y fresco adaptable a cualquier ocasi\u00f3n, sus notas amaderadas y acu\u00e1ticas se entremezclan transport\u00e1ndote a un mundo donde tu energ\u00eda es inagotable, superas todos los desaf\u00edos y traspasas los l\u00edmites. Ideal para lucir en tu d\u00eda a d\u00eda<\/p>\n","protected":false},"excerpt":{"rendered":"<p>calidad\u00a0<em><strong>AAA 1.1<\/strong><\/em><\/p>\n<p>LIFE ENERGY N\u00c1UTICA, una fragancia que se caracteriza por su aroma ligero y fresco adaptable a cualquier ocasi\u00f3n, sus notas amaderadas y acu\u00e1ticas se entremezclan transport\u00e1ndote a un mundo donde tu energ\u00eda es inagotable, superas todos los desaf\u00edos y traspasas los l\u00edmites.<\/p>\n","protected":false},"featured_media":6216,"template":"","meta":[],"product_cat":[41],"product_tag":[],"_links":{"self":[{"href":"https:\/\/grafity-eu.com\/web2\/wp-json\/wp\/v2\/product\/6208"}],"collection":[{"href":"https:\/\/grafity-eu.com\/web2\/wp-json\/wp\/v2\/product"}],"about":[{"href":"https:\/\/grafity-eu.com\/web2\/wp-json\/wp\/v2\/types\/product"}],"wp:featuredmedia":[{"embeddable":true,"href":"https:\/\/grafity-eu.com\/web2\/wp-json\/wp\/v2\/media\/6216"}],"wp:attachment":[{"href":"https:\/\/grafity-eu.com\/web2\/wp-json\/wp\/v2\/media?parent=6208"}],"wp:term":[{"taxonomy":"product_cat","embeddable":true,"href":"https:\/\/grafity-eu.com\/web2\/wp-json\/wp\/v2\/product_cat?post=6208"},{"taxonomy":"product_tag","embeddable":true,"href":"https:\/\/grafity-eu.com\/web2\/wp-json\/wp\/v2\/product_tag?post=6208"}],"curies":[{"name":"wp","href":"https:\/\/api.w.org\/{rel}","templated":true}]}}