{"id":6183,"date":"2024-02-12T21:09:21","date_gmt":"2024-02-13T02:09:21","guid":{"rendered":"https:\/\/grafity-eu.com\/web2\/?post_type=product&#038;p=6183"},"modified":"2024-02-12T21:09:59","modified_gmt":"2024-02-13T02:09:59","slug":"gf1213-fahrenheit-dior","status":"publish","type":"product","link":"https:\/\/grafity-eu.com\/web2\/producto\/gf1213-fahrenheit-dior\/","title":{"rendered":"GF1213 FAHRENHEIT DIOR"},"content":{"rendered":"<p style=\"font-weight: 400;\">Marca: Dior<\/p>\n<p style=\"font-weight: 400;\">Modelo: Fahrenheit<\/p>\n<p style=\"font-weight: 400;\">Referencias:\u00a0GF\u00a01213<\/p>\n<p style=\"font-weight: 400;\">G\u00e9nero: Hombre<\/p>\n<p style=\"font-weight: 400;\">Contenido: 100 ml<\/p>\n<p style=\"font-weight: 400;\">Ocasi\u00f3n: D\u00eda y Noche<\/p>\n<p style=\"font-weight: 400;\">Aroma: Arom\u00e1tica-Fougere<\/p>\n<p style=\"font-weight: 400;\">Condici\u00f3n del producto: Nuevo<\/p>\n<p style=\"font-weight: 400;\">Notas de coraz\u00f3n: Hojas de Violeta, Nuez Moscada, Cedro, S\u00e1ndalo, Clavel, Madreselva, Jazm\u00edn, Lirio de los Valles (Muguete)<\/p>\n<p style=\"font-weight: 400;\">Notas de Salida: Flor del Moscadero, Lavanda, Cedro, Mandarina, Manzanilla, Flor del Espino, Bergamota, Lim\u00f3n (Lima \u00c1cida)<\/p>\n<p style=\"font-weight: 400;\">Notas de Fondo: Cuero, Vetiver, Almizcle, \u00c1mbar, Pachuli, Haba Tonka<\/p>\n<p style=\"font-weight: 400;\">No testeado en Animales<\/p>\n<p>&nbsp;<\/p>\n<p style=\"font-weight: 400;\">FAHRENHEIT DIOR, una sorprendente combinaci\u00f3n de notas masculinas mezcladas con la madera y el cuero, con un acorde floral muy impregnado que definen a un hombre sensual, sofisticado y \u00fanico. Su estela amaderada y viril encierra el s\u00edmbolo del esp\u00edritu pionero Dior y la uni\u00f3n perfecta entre los extremos fr\u00edos y c\u00e1lidos.<\/p>\n","protected":false},"excerpt":{"rendered":"<p>calidad\u00a0<em><strong>AAA 1.1<\/strong><\/em><\/p>\n<p>FAHRENHEIT DIOR, una sorprendente combinaci\u00f3n de notas masculinas mezcladas con la madera y el cuero, con un acorde floral muy impregnado que definen a un hombre sensual, sofisticado y \u00fanico. Su estela amaderada y viril encierra el s\u00edmbolo del esp\u00edritu pionero Dior y la uni\u00f3n perfecta entre los extremos fr\u00edos y c\u00e1lidos.<\/p>\n","protected":false},"featured_media":6184,"template":"","meta":[],"product_cat":[41],"product_tag":[],"_links":{"self":[{"href":"https:\/\/grafity-eu.com\/web2\/wp-json\/wp\/v2\/product\/6183"}],"collection":[{"href":"https:\/\/grafity-eu.com\/web2\/wp-json\/wp\/v2\/product"}],"about":[{"href":"https:\/\/grafity-eu.com\/web2\/wp-json\/wp\/v2\/types\/product"}],"wp:featuredmedia":[{"embeddable":true,"href":"https:\/\/grafity-eu.com\/web2\/wp-json\/wp\/v2\/media\/6184"}],"wp:attachment":[{"href":"https:\/\/grafity-eu.com\/web2\/wp-json\/wp\/v2\/media?parent=6183"}],"wp:term":[{"taxonomy":"product_cat","embeddable":true,"href":"https:\/\/grafity-eu.com\/web2\/wp-json\/wp\/v2\/product_cat?post=6183"},{"taxonomy":"product_tag","embeddable":true,"href":"https:\/\/grafity-eu.com\/web2\/wp-json\/wp\/v2\/product_tag?post=6183"}],"curies":[{"name":"wp","href":"https:\/\/api.w.org\/{rel}","templated":true}]}}