{"id":6035,"date":"2024-02-09T17:42:48","date_gmt":"2024-02-09T22:42:48","guid":{"rendered":"https:\/\/grafity-eu.com\/web2\/?post_type=product&#038;p=6035"},"modified":"2024-02-09T17:44:30","modified_gmt":"2024-02-09T22:44:30","slug":"gf1200-club-de-nuit-woman-armaf","status":"publish","type":"product","link":"https:\/\/grafity-eu.com\/web2\/producto\/gf1200-club-de-nuit-woman-armaf\/","title":{"rendered":"GF1200 CLUB DE NUIT WOMAN ARMAF"},"content":{"rendered":"<p style=\"font-weight: 400;\">Marca: Armaf<\/p>\n<p style=\"font-weight: 400;\">Modelo: Club de Nuit Woman<\/p>\n<p style=\"font-weight: 400;\">Referencias:\u00a0GF\u00a01200<\/p>\n<p style=\"font-weight: 400;\">G\u00e9nero: Mujer<\/p>\n<p style=\"font-weight: 400;\">Contenido: 105 ml<\/p>\n<p style=\"font-weight: 400;\">Ocasi\u00f3n: D\u00eda y Noche<\/p>\n<p style=\"font-weight: 400;\">Aroma: Floral-Frutal<\/p>\n<p style=\"font-weight: 400;\">Condici\u00f3n del producto: Nuevo<\/p>\n<p style=\"font-weight: 400;\">Notas de Coraz\u00f3n: Rosa, Geranio, Jazm\u00edn, Litchi<\/p>\n<p style=\"font-weight: 400;\">Notas de Salida: Naranja (Pomelo), Bergamota, Melocot\u00f3n<\/p>\n<p style=\"font-weight: 400;\">Notas de Fondo: Pachuli, Vainilla, Almizcle, Vetiver<\/p>\n<p style=\"font-weight: 400;\">No testeado en Animales<\/p>\n<p>&nbsp;<\/p>\n<p style=\"font-weight: 400;\">CLUB DE NUIT WOMAN ARMAF, un toque de encanto que perdura todo el d\u00eda dejando una sensaci\u00f3n de frescura y deleite, dise\u00f1ada para mujeres seguras de s\u00ed mismas que disfrutan los aromas frescos, destilando elegancia, estilo y sofisticaci\u00f3n. Un perfume con el que no pasar\u00e1s ni un minuto desapercibida.<\/p>\n","protected":false},"excerpt":{"rendered":"<p>calidad\u00a0<em><strong>AAA 1.1<\/strong><\/em><\/p>\n<p>CLUB DE NUIT WOMAN ARMAF, un toque de encanto que perdura todo el d\u00eda dejando una sensaci\u00f3n de frescura y deleite, dise\u00f1ada para mujeres seguras de s\u00ed mismas que disfrutan los aromas frescos, destilando elegancia, estilo y sofisticaci\u00f3n.<\/p>\n","protected":false},"featured_media":6036,"template":"","meta":[],"product_cat":[41],"product_tag":[],"_links":{"self":[{"href":"https:\/\/grafity-eu.com\/web2\/wp-json\/wp\/v2\/product\/6035"}],"collection":[{"href":"https:\/\/grafity-eu.com\/web2\/wp-json\/wp\/v2\/product"}],"about":[{"href":"https:\/\/grafity-eu.com\/web2\/wp-json\/wp\/v2\/types\/product"}],"wp:featuredmedia":[{"embeddable":true,"href":"https:\/\/grafity-eu.com\/web2\/wp-json\/wp\/v2\/media\/6036"}],"wp:attachment":[{"href":"https:\/\/grafity-eu.com\/web2\/wp-json\/wp\/v2\/media?parent=6035"}],"wp:term":[{"taxonomy":"product_cat","embeddable":true,"href":"https:\/\/grafity-eu.com\/web2\/wp-json\/wp\/v2\/product_cat?post=6035"},{"taxonomy":"product_tag","embeddable":true,"href":"https:\/\/grafity-eu.com\/web2\/wp-json\/wp\/v2\/product_tag?post=6035"}],"curies":[{"name":"wp","href":"https:\/\/api.w.org\/{rel}","templated":true}]}}