{"id":6022,"date":"2024-02-09T17:35:47","date_gmt":"2024-02-09T22:35:47","guid":{"rendered":"https:\/\/grafity-eu.com\/web2\/?post_type=product&#038;p=6022"},"modified":"2024-02-09T17:56:36","modified_gmt":"2024-02-09T22:56:36","slug":"gf1199-9pm-afnan","status":"publish","type":"product","link":"https:\/\/grafity-eu.com\/web2\/producto\/gf1199-9pm-afnan\/","title":{"rendered":"GF1199 9PM AFNAN"},"content":{"rendered":"<p style=\"font-weight: 400;\">Marca: Afnan<\/p>\n<p style=\"font-weight: 400;\">Modelo: 9pm<\/p>\n<p style=\"font-weight: 400;\">Referencias:\u00a0GF\u00a01199<\/p>\n<p style=\"font-weight: 400;\">G\u00e9nero: Hombre<\/p>\n<p style=\"font-weight: 400;\">Contenido: 100 ml<\/p>\n<p style=\"font-weight: 400;\">Ocasi\u00f3n: D\u00eda y Noche<\/p>\n<p style=\"font-weight: 400;\">Aroma: \u00c1mbar-Vainilla<\/p>\n<p style=\"font-weight: 400;\">Condici\u00f3n del producto: Nuevo<\/p>\n<p style=\"font-weight: 400;\">Notas de Coraz\u00f3n: Flor de Azahar del Naranjo, Lirio de los Valles (Muguete)<\/p>\n<p style=\"font-weight: 400;\">Notas de Salida: Manzana, Canela, Lavanda Silvestre, Bergamota<\/p>\n<p style=\"font-weight: 400;\">Notas de Fondo: Vainilla, Haba Tonka, \u00c1mbar, Pachul\u00ed<\/p>\n<p style=\"font-weight: 400;\">No testeado en Animales<\/p>\n<p>&nbsp;<\/p>\n<p style=\"font-weight: 400;\">\u00a09PM AFNAN PARA HOMBRE, una fragancia nueva que sugiere una experiencia encaminada hacia la sofisticaci\u00f3n y seducci\u00f3n nocturna. Sus notas se mezclan, creando una sensaci\u00f3n olfativa de misterio y expectativas que surgen antes de la media noche donde se intensifican las citas y ocasiones especiales. La elecci\u00f3n perfecta para aquellos hombres que desean lucir completamente interesantes y cautivadores.<\/p>\n","protected":false},"excerpt":{"rendered":"<p>calidad\u00a0<em><strong>AAA 1.1<\/strong><\/em><\/p>\n<p>9PM AFNAN PARA HOMBRE, una fragancia nueva que sugiere una experiencia encaminada hacia la sofisticaci\u00f3n y seducci\u00f3n nocturna. Sus notas se mezclan, creando una sensaci\u00f3n olfativa de misterio y expectativas que surgen antes de la media noche donde se intensifican las citas y ocasiones especiales.<\/p>\n","protected":false},"featured_media":6023,"template":"","meta":[],"product_cat":[41],"product_tag":[],"_links":{"self":[{"href":"https:\/\/grafity-eu.com\/web2\/wp-json\/wp\/v2\/product\/6022"}],"collection":[{"href":"https:\/\/grafity-eu.com\/web2\/wp-json\/wp\/v2\/product"}],"about":[{"href":"https:\/\/grafity-eu.com\/web2\/wp-json\/wp\/v2\/types\/product"}],"wp:featuredmedia":[{"embeddable":true,"href":"https:\/\/grafity-eu.com\/web2\/wp-json\/wp\/v2\/media\/6023"}],"wp:attachment":[{"href":"https:\/\/grafity-eu.com\/web2\/wp-json\/wp\/v2\/media?parent=6022"}],"wp:term":[{"taxonomy":"product_cat","embeddable":true,"href":"https:\/\/grafity-eu.com\/web2\/wp-json\/wp\/v2\/product_cat?post=6022"},{"taxonomy":"product_tag","embeddable":true,"href":"https:\/\/grafity-eu.com\/web2\/wp-json\/wp\/v2\/product_tag?post=6022"}],"curies":[{"name":"wp","href":"https:\/\/api.w.org\/{rel}","templated":true}]}}