{"id":5602,"date":"2024-02-07T20:37:37","date_gmt":"2024-02-08T01:37:37","guid":{"rendered":"https:\/\/grafity-eu.com\/web2\/?post_type=product&#038;p=5602"},"modified":"2024-02-07T20:39:00","modified_gmt":"2024-02-08T01:39:00","slug":"gf1159-pure-xs-paco-rabanne","status":"publish","type":"product","link":"https:\/\/grafity-eu.com\/web2\/producto\/gf1159-pure-xs-paco-rabanne\/","title":{"rendered":"GF1159 PURE XS PACO RABANNE"},"content":{"rendered":"<p style=\"font-weight: 400;\">Marca: Paco Rabanne<\/p>\n<p style=\"font-weight: 400;\">Modelo: Pure XS<\/p>\n<p style=\"font-weight: 400;\">Referencias:\u00a0GF1159<\/p>\n<p style=\"font-weight: 400;\">G\u00e9nero: Hombre<\/p>\n<p style=\"font-weight: 400;\">Contenido: 100 ml<\/p>\n<p style=\"font-weight: 400;\">Ocasi\u00f3n: D\u00eda y Noche<\/p>\n<p style=\"font-weight: 400;\">Aroma: Oriental<\/p>\n<p style=\"font-weight: 400;\">Condici\u00f3n del producto: Nuevo<\/p>\n<p style=\"font-weight: 400;\">Notas de Coraz\u00f3n: Canela, Vainilla<\/p>\n<p style=\"font-weight: 400;\">Notas de Salida: Salvia, Tomillo Blanco, Jengibre<\/p>\n<p style=\"font-weight: 400;\">Notas de Fondo: Mirra<\/p>\n<p style=\"font-weight: 400;\">No testeado en Animales<\/p>\n<p>&nbsp;<\/p>\n<p style=\"font-weight: 400;\">PURE XS PACO RABANNE, una fragancia con un aroma seductor, atrevido e indomable, que exalta la masculinidad contempor\u00e1nea de un hombre seguro de s\u00ed mismo con un magnetismo que despierta los sentidos m\u00e1s intensos. Su estela envolvente, abrumadora y un poco excitante deleita a quienes est\u00e1n a tu alrededor expresando una sensualidad extrema.<\/p>\n","protected":false},"excerpt":{"rendered":"<p>calidad\u00a0<em><strong>AAA 1.1<\/strong><\/em><\/p>\n<p>PURE XS PACO RABANNE, una fragancia con un aroma seductor, atrevido e indomable, que exalta la masculinidad contempor\u00e1nea de un hombre seguro de s\u00ed mismo con un magnetismo que despierta los sentidos m\u00e1s intensos.<\/p>\n","protected":false},"featured_media":5603,"template":"","meta":[],"product_cat":[41],"product_tag":[],"_links":{"self":[{"href":"https:\/\/grafity-eu.com\/web2\/wp-json\/wp\/v2\/product\/5602"}],"collection":[{"href":"https:\/\/grafity-eu.com\/web2\/wp-json\/wp\/v2\/product"}],"about":[{"href":"https:\/\/grafity-eu.com\/web2\/wp-json\/wp\/v2\/types\/product"}],"wp:featuredmedia":[{"embeddable":true,"href":"https:\/\/grafity-eu.com\/web2\/wp-json\/wp\/v2\/media\/5603"}],"wp:attachment":[{"href":"https:\/\/grafity-eu.com\/web2\/wp-json\/wp\/v2\/media?parent=5602"}],"wp:term":[{"taxonomy":"product_cat","embeddable":true,"href":"https:\/\/grafity-eu.com\/web2\/wp-json\/wp\/v2\/product_cat?post=5602"},{"taxonomy":"product_tag","embeddable":true,"href":"https:\/\/grafity-eu.com\/web2\/wp-json\/wp\/v2\/product_tag?post=5602"}],"curies":[{"name":"wp","href":"https:\/\/api.w.org\/{rel}","templated":true}]}}