{"id":5595,"date":"2024-02-07T20:24:36","date_gmt":"2024-02-08T01:24:36","guid":{"rendered":"https:\/\/grafity-eu.com\/web2\/?post_type=product&#038;p=5595"},"modified":"2024-02-07T20:25:18","modified_gmt":"2024-02-08T01:25:18","slug":"gf1158-paris-hilton-for-men","status":"publish","type":"product","link":"https:\/\/grafity-eu.com\/web2\/producto\/gf1158-paris-hilton-for-men\/","title":{"rendered":"GF1158 PARIS HILTON FOR MEN"},"content":{"rendered":"<p style=\"font-weight: 400;\">Marca: Paris Hilton<\/p>\n<p style=\"font-weight: 400;\">Modelo: Paris Hilton For Men<\/p>\n<p style=\"font-weight: 400;\">Referencias:\u00a0GF1158<\/p>\n<p style=\"font-weight: 400;\">G\u00e9nero: Hombre<\/p>\n<p style=\"font-weight: 400;\">Contenido: 100 ml<\/p>\n<p style=\"font-weight: 400;\">Ocasi\u00f3n: D\u00eda y Noche<\/p>\n<p style=\"font-weight: 400;\">Aroma: Arom\u00e1tica-Amaderada<\/p>\n<p style=\"font-weight: 400;\">Condici\u00f3n del producto: Nuevo<\/p>\n<p style=\"font-weight: 400;\">Notas de Coraz\u00f3n: Fresia, Mimosa, Lirio de los Valles (Muguete), Jazm\u00edn, Azucena, Nardos<\/p>\n<p style=\"font-weight: 400;\">Notas de Salida: Mel\u00f3n, Manzana, Durazno (Melocot\u00f3n)<\/p>\n<p style=\"font-weight: 400;\">Notas de Fondo: Almizcle, Ylang-Ylang, S\u00e1ndalo, Musgo de Roble<\/p>\n<p style=\"font-weight: 400;\">No testeado en Animales<\/p>\n<p>&nbsp;<\/p>\n<p style=\"font-weight: 400;\">PARIS HILTON FOR MEN, una fragancia que refleja la personalidad y elegancia de un hombre joven y energ\u00e9tico. Su variada combinaci\u00f3n de ingredientes arom\u00e1ticos encarna la masculinidad sensorial, con un aroma bastante tentador que no dejar\u00e1 que pases desapercibido<\/p>\n","protected":false},"excerpt":{"rendered":"<p>calidad\u00a0<em><strong>AAA 1.1<\/strong><\/em><\/p>\n<p>PARIS HILTON FOR MEN, una fragancia que refleja la personalidad y elegancia de un hombre joven y energ\u00e9tico. Su variada combinaci\u00f3n de ingredientes arom\u00e1ticos encarna la masculinidad sensorial, con un aroma bastante tentador que no dejar\u00e1 que pases desapercibido.<\/p>\n","protected":false},"featured_media":5596,"template":"","meta":[],"product_cat":[41],"product_tag":[],"_links":{"self":[{"href":"https:\/\/grafity-eu.com\/web2\/wp-json\/wp\/v2\/product\/5595"}],"collection":[{"href":"https:\/\/grafity-eu.com\/web2\/wp-json\/wp\/v2\/product"}],"about":[{"href":"https:\/\/grafity-eu.com\/web2\/wp-json\/wp\/v2\/types\/product"}],"wp:featuredmedia":[{"embeddable":true,"href":"https:\/\/grafity-eu.com\/web2\/wp-json\/wp\/v2\/media\/5596"}],"wp:attachment":[{"href":"https:\/\/grafity-eu.com\/web2\/wp-json\/wp\/v2\/media?parent=5595"}],"wp:term":[{"taxonomy":"product_cat","embeddable":true,"href":"https:\/\/grafity-eu.com\/web2\/wp-json\/wp\/v2\/product_cat?post=5595"},{"taxonomy":"product_tag","embeddable":true,"href":"https:\/\/grafity-eu.com\/web2\/wp-json\/wp\/v2\/product_tag?post=5595"}],"curies":[{"name":"wp","href":"https:\/\/api.w.org\/{rel}","templated":true}]}}