{"id":5551,"date":"2024-02-07T19:56:27","date_gmt":"2024-02-08T00:56:27","guid":{"rendered":"https:\/\/grafity-eu.com\/web2\/?post_type=product&#038;p=5551"},"modified":"2024-02-07T19:57:19","modified_gmt":"2024-02-08T00:57:19","slug":"gf1154-guess-for-women-guess","status":"publish","type":"product","link":"https:\/\/grafity-eu.com\/web2\/producto\/gf1154-guess-for-women-guess\/","title":{"rendered":"GF1154 GUESS FOR WOMEN GUESS"},"content":{"rendered":"<p style=\"font-weight: 400;\">Marca: Guess<\/p>\n<p style=\"font-weight: 400;\">Modelo: Guess For Women<\/p>\n<p style=\"font-weight: 400;\">Referencias:\u00a0GF1154<\/p>\n<p style=\"font-weight: 400;\">G\u00e9nero: Mujer<\/p>\n<p style=\"font-weight: 400;\">Contenido: 75 ml<\/p>\n<p style=\"font-weight: 400;\">Ocasi\u00f3n: D\u00eda y Noche<\/p>\n<p style=\"font-weight: 400;\">Aroma: Floral-Frutal<\/p>\n<p style=\"font-weight: 400;\">Condici\u00f3n del producto: Nuevo<\/p>\n<p style=\"font-weight: 400;\">Notas de Coraz\u00f3n: Magnolia, Peon\u00eda, Fresia, Lirio de los Valles, Bayas Rojas, Jazm\u00edn, Durazno, Ylang-Ylang<\/p>\n<p style=\"font-weight: 400;\">Notas de Salida: Manzana Verde, Fresa, Bergamota, Naranja Tangerina<\/p>\n<p style=\"font-weight: 400;\">Notas de Fondo: Almizcle, Cedro, \u00c1mbar, Musgo de Roble<\/p>\n<p style=\"font-weight: 400;\">No testeado en Animales<\/p>\n<p>&nbsp;<\/p>\n<p style=\"font-weight: 400;\">GUESS FOR WOMEN GUESS, un perfume que cumple todas las expectativas, su elevada calidad de fijaci\u00f3n lo caracterizan como la fragancia ideal para aquellas mujeres que desean sentirse seguras durante todo el d\u00eda, sus notas naturales hacen un alarde a la feminidad, haci\u00e9ndote lucir absolutamente chic y radiante, con un aroma lleno de elegancia y personalidad.<\/p>\n","protected":false},"excerpt":{"rendered":"<p>calidad\u00a0<em><strong>AAA 1.1<\/strong><\/em><\/p>\n<p>GUESS FOR WOMEN GUESS, un perfume que cumple todas las expectativas, su elevada calidad de fijaci\u00f3n lo caracterizan como la fragancia ideal para aquellas mujeres que desean sentirse seguras durante todo el d\u00eda, sus notas naturales hacen un alarde a la feminidad.<\/p>\n","protected":false},"featured_media":5552,"template":"","meta":[],"product_cat":[41],"product_tag":[],"_links":{"self":[{"href":"https:\/\/grafity-eu.com\/web2\/wp-json\/wp\/v2\/product\/5551"}],"collection":[{"href":"https:\/\/grafity-eu.com\/web2\/wp-json\/wp\/v2\/product"}],"about":[{"href":"https:\/\/grafity-eu.com\/web2\/wp-json\/wp\/v2\/types\/product"}],"wp:featuredmedia":[{"embeddable":true,"href":"https:\/\/grafity-eu.com\/web2\/wp-json\/wp\/v2\/media\/5552"}],"wp:attachment":[{"href":"https:\/\/grafity-eu.com\/web2\/wp-json\/wp\/v2\/media?parent=5551"}],"wp:term":[{"taxonomy":"product_cat","embeddable":true,"href":"https:\/\/grafity-eu.com\/web2\/wp-json\/wp\/v2\/product_cat?post=5551"},{"taxonomy":"product_tag","embeddable":true,"href":"https:\/\/grafity-eu.com\/web2\/wp-json\/wp\/v2\/product_tag?post=5551"}],"curies":[{"name":"wp","href":"https:\/\/api.w.org\/{rel}","templated":true}]}}