{"id":5539,"date":"2024-02-07T19:49:38","date_gmt":"2024-02-08T00:49:38","guid":{"rendered":"https:\/\/grafity-eu.com\/web2\/?post_type=product&#038;p=5539"},"modified":"2024-02-07T19:50:01","modified_gmt":"2024-02-08T00:50:01","slug":"gf1153-blv-pour-homme-bvlgari","status":"publish","type":"product","link":"https:\/\/grafity-eu.com\/web2\/producto\/gf1153-blv-pour-homme-bvlgari\/","title":{"rendered":"GF1153 BLV POUR HOMME BVLGARI"},"content":{"rendered":"<p style=\"font-weight: 400;\">Marca: Bvlgari<\/p>\n<p style=\"font-weight: 400;\">Modelo: BLV Pour Homme<\/p>\n<p style=\"font-weight: 400;\">Referencias:\u00a0GF1153<\/p>\n<p style=\"font-weight: 400;\">G\u00e9nero: Hombre<\/p>\n<p style=\"font-weight: 400;\">Contenido: 100 ml<\/p>\n<p style=\"font-weight: 400;\">Ocasi\u00f3n: D\u00eda y Noche<\/p>\n<p style=\"font-weight: 400;\">Aroma: Amaderado-Especiado<\/p>\n<p style=\"font-weight: 400;\">Condici\u00f3n del producto: Nuevo<\/p>\n<p style=\"font-weight: 400;\">Notas de Coraz\u00f3n: Enebro de Virginia, Jengibre, Galanga<\/p>\n<p style=\"font-weight: 400;\">Notas de Salida: Cardamomo, S\u00e1ndalo<\/p>\n<p style=\"font-weight: 400;\">Notas de Fondo: Madera de Teca, Flor del Tabaco, Hojas Verdes<\/p>\n<p style=\"font-weight: 400;\">No testeado en Animales<\/p>\n<p>&nbsp;<\/p>\n<p style=\"font-weight: 400;\">BLV POUR HOMME BVLGARI, una combinaci\u00f3n \u00fanica que se caracteriza por sus notas frescas y larga duraci\u00f3n, exaltando\u00a0la masculinidad del hombre contempor\u00e1neo. Su mezcla de notas variadas crean una fragancia completamente cautivadora con un aroma perfecto y sofisticado que vaporiza la elegancia y el estilo del hombre que la lleva<\/p>\n","protected":false},"excerpt":{"rendered":"<p>calidad\u00a0<em><strong>AAA 1.1<\/strong><\/em><\/p>\n<p>BLV POUR HOMME BVLGARI, una combinaci\u00f3n \u00fanica que se caracteriza por sus notas frescas y larga duraci\u00f3n, exaltando\u00a0la masculinidad del hombre contempor\u00e1neo.<\/p>\n","protected":false},"featured_media":5540,"template":"","meta":[],"product_cat":[41],"product_tag":[],"_links":{"self":[{"href":"https:\/\/grafity-eu.com\/web2\/wp-json\/wp\/v2\/product\/5539"}],"collection":[{"href":"https:\/\/grafity-eu.com\/web2\/wp-json\/wp\/v2\/product"}],"about":[{"href":"https:\/\/grafity-eu.com\/web2\/wp-json\/wp\/v2\/types\/product"}],"wp:featuredmedia":[{"embeddable":true,"href":"https:\/\/grafity-eu.com\/web2\/wp-json\/wp\/v2\/media\/5540"}],"wp:attachment":[{"href":"https:\/\/grafity-eu.com\/web2\/wp-json\/wp\/v2\/media?parent=5539"}],"wp:term":[{"taxonomy":"product_cat","embeddable":true,"href":"https:\/\/grafity-eu.com\/web2\/wp-json\/wp\/v2\/product_cat?post=5539"},{"taxonomy":"product_tag","embeddable":true,"href":"https:\/\/grafity-eu.com\/web2\/wp-json\/wp\/v2\/product_tag?post=5539"}],"curies":[{"name":"wp","href":"https:\/\/api.w.org\/{rel}","templated":true}]}}