{"id":5506,"date":"2024-02-07T14:04:01","date_gmt":"2024-02-07T19:04:01","guid":{"rendered":"https:\/\/grafity-eu.com\/web2\/?post_type=product&#038;p=5506"},"modified":"2024-02-07T14:05:43","modified_gmt":"2024-02-07T19:05:43","slug":"gf1150-ch-men-prive-carolina-herrera","status":"publish","type":"product","link":"https:\/\/grafity-eu.com\/web2\/producto\/gf1150-ch-men-prive-carolina-herrera\/","title":{"rendered":"GF1150 CH MEN PRIVE CAROLINA HERRERA"},"content":{"rendered":"<p style=\"font-weight: 400;\">Marca: Carolina Herrera<\/p>\n<p style=\"font-weight: 400;\">Modelo: CH Men Prive<\/p>\n<p style=\"font-weight: 400;\">Referencias:\u00a0GF1150<\/p>\n<p style=\"font-weight: 400;\">G\u00e9nero: Hombre<\/p>\n<p style=\"font-weight: 400;\">Contenido: 100 ml<\/p>\n<p style=\"font-weight: 400;\">Ocasi\u00f3n: D\u00eda y Noche<\/p>\n<p style=\"font-weight: 400;\">Aroma: Oriental-Cuero<\/p>\n<p style=\"font-weight: 400;\">Condici\u00f3n del producto: Nuevo<\/p>\n<p style=\"font-weight: 400;\">Notas de Coraz\u00f2n: Whisky<\/p>\n<p style=\"font-weight: 400;\">Notas de Salida: Pomelo, Lavanda, Salvia, Tomillo, Cardamomo Rojo<\/p>\n<p style=\"font-weight: 400;\">Notas de Fondo: Benju\u00ed, Cuero, Haba Tonka<\/p>\n<p style=\"font-weight: 400;\">No testeado en Animales<\/p>\n<p>&nbsp;<\/p>\n<p style=\"font-weight: 400;\">CH MEN PRIVE CAROLINA HERRERA, el complemento perfecto para un hombre seductor, seguro de s\u00ed mismo que sabe muy bien lo que es conquistar por s\u00ed solo, pero tiene presente que con esta exquisita fragancia lo puede hacer de una manera m\u00e1s completa, donde prevalece la elegancia y el estilo como un elemento propio y aut\u00e9ntico de su personalidad. Sus notas profundas lo convierten en un encanto irresistible que impresiona inmediatamente, siendo tan impecable que lo distingue del resto.<\/p>\n","protected":false},"excerpt":{"rendered":"<p>calidad\u00a0<em><strong>AAA 1.1<\/strong><\/em><\/p>\n<p>CH MEN PRIVE CAROLINA HERRERA, el complemento perfecto para un hombre seductor, seguro de s\u00ed mismo que sabe muy bien lo que es conquistar por s\u00ed solo, pero tiene presente que con esta exquisita fragancia lo puede hacer de una manera m\u00e1s completa, donde prevalece la elegancia y el estilo como un elemento propio y aut\u00e9ntico de su personalidad.<\/p>\n","protected":false},"featured_media":5507,"template":"","meta":[],"product_cat":[41],"product_tag":[],"_links":{"self":[{"href":"https:\/\/grafity-eu.com\/web2\/wp-json\/wp\/v2\/product\/5506"}],"collection":[{"href":"https:\/\/grafity-eu.com\/web2\/wp-json\/wp\/v2\/product"}],"about":[{"href":"https:\/\/grafity-eu.com\/web2\/wp-json\/wp\/v2\/types\/product"}],"wp:featuredmedia":[{"embeddable":true,"href":"https:\/\/grafity-eu.com\/web2\/wp-json\/wp\/v2\/media\/5507"}],"wp:attachment":[{"href":"https:\/\/grafity-eu.com\/web2\/wp-json\/wp\/v2\/media?parent=5506"}],"wp:term":[{"taxonomy":"product_cat","embeddable":true,"href":"https:\/\/grafity-eu.com\/web2\/wp-json\/wp\/v2\/product_cat?post=5506"},{"taxonomy":"product_tag","embeddable":true,"href":"https:\/\/grafity-eu.com\/web2\/wp-json\/wp\/v2\/product_tag?post=5506"}],"curies":[{"name":"wp","href":"https:\/\/api.w.org\/{rel}","templated":true}]}}