{"id":5284,"date":"2024-02-06T17:36:18","date_gmt":"2024-02-06T22:36:18","guid":{"rendered":"https:\/\/grafity-eu.com\/web2\/?post_type=product&#038;p=5284"},"modified":"2024-02-06T17:38:16","modified_gmt":"2024-02-06T22:38:16","slug":"gf1129-plus-plus-feminine-diesel","status":"publish","type":"product","link":"https:\/\/grafity-eu.com\/web2\/producto\/gf1129-plus-plus-feminine-diesel\/","title":{"rendered":"GF1129 PLUS PLUS FEMININE DIESEL"},"content":{"rendered":"<p style=\"font-weight: 400;\">Marca: Diesel<\/p>\n<p style=\"font-weight: 400;\">Modelo: Plus Plus Feminine<\/p>\n<p style=\"font-weight: 400;\">Referencias:\u00a0GF1129<\/p>\n<p style=\"font-weight: 400;\">G\u00e9nero: Mujer<\/p>\n<p style=\"font-weight: 400;\">Contenido: 75 ml<\/p>\n<p style=\"font-weight: 400;\">Ocasi\u00f3n: D\u00eda y Noche<\/p>\n<p style=\"font-weight: 400;\">Aroma:\u00a0 Floral<\/p>\n<p style=\"font-weight: 400;\">Condici\u00f3n del producto: Nuevo<\/p>\n<p style=\"font-weight: 400;\">Notas de Coraz\u00f2n: Leche, Coco, Azucena, Cereza, Fresa, Manzana Roja, Orqu\u00eddea, Jazm\u00edn, Magnolia<\/p>\n<p style=\"font-weight: 400;\">Notas de Salida: Pi\u00f1a, Naranja Amarga, Notas Afrutadas, Casis (Grosellero Negro), Lirio de los Valles (Muguete)<\/p>\n<p style=\"font-weight: 400;\">Notas de fondo: Vainilla, Almizcle, Nuez Moscada, S\u00e1ndalo, Ra\u00edz de Lirio, \u00c1mbar, Cedro de Virginia<\/p>\n<p style=\"font-weight: 400;\">No testeado en Animales<\/p>\n<p>&nbsp;<\/p>\n<p style=\"font-weight: 400;\">DIESEL PLU PLUS FEMENINE, es una fragancia olfativa oriental avainillado que puedes llevar en cualquier momento. Perfecta para aquella mujer audaz y creativa que les gusta destacarse y ser diferente a los m\u00e1s peque\u00f1os detalles.<\/p>\n","protected":false},"excerpt":{"rendered":"<p>calidad\u00a0<em><strong>AAA 1.1<\/strong><\/em><\/p>\n<p>DIESEL PLU PLUS FEMENINE, es una fragancia olfativa oriental avainillado que puedes llevar en cualquier momento. Perfecta para aquella mujer audaz y creativa que les gusta destacarse y ser diferente a los m\u00e1s peque\u00f1os detalles.<\/p>\n","protected":false},"featured_media":5285,"template":"","meta":[],"product_cat":[41],"product_tag":[],"_links":{"self":[{"href":"https:\/\/grafity-eu.com\/web2\/wp-json\/wp\/v2\/product\/5284"}],"collection":[{"href":"https:\/\/grafity-eu.com\/web2\/wp-json\/wp\/v2\/product"}],"about":[{"href":"https:\/\/grafity-eu.com\/web2\/wp-json\/wp\/v2\/types\/product"}],"wp:featuredmedia":[{"embeddable":true,"href":"https:\/\/grafity-eu.com\/web2\/wp-json\/wp\/v2\/media\/5285"}],"wp:attachment":[{"href":"https:\/\/grafity-eu.com\/web2\/wp-json\/wp\/v2\/media?parent=5284"}],"wp:term":[{"taxonomy":"product_cat","embeddable":true,"href":"https:\/\/grafity-eu.com\/web2\/wp-json\/wp\/v2\/product_cat?post=5284"},{"taxonomy":"product_tag","embeddable":true,"href":"https:\/\/grafity-eu.com\/web2\/wp-json\/wp\/v2\/product_tag?post=5284"}],"curies":[{"name":"wp","href":"https:\/\/api.w.org\/{rel}","templated":true}]}}