{"id":5272,"date":"2024-02-06T17:26:25","date_gmt":"2024-02-06T22:26:25","guid":{"rendered":"https:\/\/grafity-eu.com\/web2\/?post_type=product&#038;p=5272"},"modified":"2024-02-06T17:27:14","modified_gmt":"2024-02-06T22:27:14","slug":"gf1128-fame-paco-rabanne","status":"publish","type":"product","link":"https:\/\/grafity-eu.com\/web2\/producto\/gf1128-fame-paco-rabanne\/","title":{"rendered":"GF1128 FAME PACO RABANNE"},"content":{"rendered":"<p style=\"font-weight: 400;\">Marca: Paco Rabanne<\/p>\n<p style=\"font-weight: 400;\">Modelo: Fame<\/p>\n<p style=\"font-weight: 400;\">Referencias:\u00a0GF1128<\/p>\n<p style=\"font-weight: 400;\">G\u00e9nero: Mujer<\/p>\n<p style=\"font-weight: 400;\">Contenido: 80ml<\/p>\n<p style=\"font-weight: 400;\">Ocasi\u00f3n: D\u00eda y Noche<\/p>\n<p style=\"font-weight: 400;\">Aroma: Floral-Frutal<\/p>\n<p style=\"font-weight: 400;\">Condici\u00f3n del producto: Nuevo<\/p>\n<p style=\"font-weight: 400;\">Notas de Coraz\u00f2n: Jazm\u00edn<\/p>\n<p style=\"font-weight: 400;\">Notas de Salida: Mango, Bergamota<\/p>\n<p style=\"font-weight: 400;\">\u00a0Notas de Fondo: S\u00e1ndalo, Vainilla<\/p>\n<p style=\"font-weight: 400;\">No testeado en Animales<\/p>\n<p>&nbsp;<\/p>\n<p style=\"font-weight: 400;\">\u00a0FAME PACO RABANNE, un perfume que revela las facetas m\u00e1s glamorosas de la feminidad moderna, haci\u00e9ndote lucir un aroma que seduce e hipnotiza. Su exquisita fragancia representa la encarnaci\u00f3n de la mujer Paco Rabanne, irresistiblemente parisina con sus distintivas notas de mango y jazm\u00edn. Una estela que exuda sensualidad, diversi\u00f3n y delicadeza.<\/p>\n","protected":false},"excerpt":{"rendered":"<p>calidad\u00a0<em><strong>AAA 1.1<\/strong><\/em><\/p>\n<p>FAME PACO RABANNE, un perfume que revela las facetas m\u00e1s glamorosas de la feminidad moderna, haci\u00e9ndote lucir un aroma que seduce e hipnotiza. Una estela que exuda sensualidad, diversi\u00f3n y delicadeza.<\/p>\n","protected":false},"featured_media":5273,"template":"","meta":[],"product_cat":[41],"product_tag":[],"_links":{"self":[{"href":"https:\/\/grafity-eu.com\/web2\/wp-json\/wp\/v2\/product\/5272"}],"collection":[{"href":"https:\/\/grafity-eu.com\/web2\/wp-json\/wp\/v2\/product"}],"about":[{"href":"https:\/\/grafity-eu.com\/web2\/wp-json\/wp\/v2\/types\/product"}],"wp:featuredmedia":[{"embeddable":true,"href":"https:\/\/grafity-eu.com\/web2\/wp-json\/wp\/v2\/media\/5273"}],"wp:attachment":[{"href":"https:\/\/grafity-eu.com\/web2\/wp-json\/wp\/v2\/media?parent=5272"}],"wp:term":[{"taxonomy":"product_cat","embeddable":true,"href":"https:\/\/grafity-eu.com\/web2\/wp-json\/wp\/v2\/product_cat?post=5272"},{"taxonomy":"product_tag","embeddable":true,"href":"https:\/\/grafity-eu.com\/web2\/wp-json\/wp\/v2\/product_tag?post=5272"}],"curies":[{"name":"wp","href":"https:\/\/api.w.org\/{rel}","templated":true}]}}