{"id":5250,"date":"2024-02-06T17:04:18","date_gmt":"2024-02-06T22:04:18","guid":{"rendered":"https:\/\/grafity-eu.com\/web2\/?post_type=product&#038;p=5250"},"modified":"2024-02-06T17:05:38","modified_gmt":"2024-02-06T22:05:38","slug":"gf1126-toy-2-moschino","status":"publish","type":"product","link":"https:\/\/grafity-eu.com\/web2\/producto\/gf1126-toy-2-moschino\/","title":{"rendered":"GF1126 TOY 2 MOSCHINO"},"content":{"rendered":"<p style=\"font-weight: 400;\">Marca: Moschino<\/p>\n<p style=\"font-weight: 400;\">Modelo: Toy 2<\/p>\n<p style=\"font-weight: 400;\">Referencias:\u00a0GF1126<\/p>\n<p style=\"font-weight: 400;\">G\u00e9nero: Mujer<\/p>\n<p style=\"font-weight: 400;\">Contenido: 100ml<\/p>\n<p style=\"font-weight: 400;\">Ocasi\u00f3n: D\u00eda<\/p>\n<p style=\"font-weight: 400;\">Aroma: Floral-Amaderado<\/p>\n<p style=\"font-weight: 400;\">Condici\u00f3n del producto: Nuevo<\/p>\n<p style=\"font-weight: 400;\">Notas de Coraz\u00f2n: Grosella Blanca, Peon\u00eda, Jazm\u00edn<\/p>\n<p style=\"font-weight: 400;\">Notas de Salida: Manzana, Mandarina, Magnolia<\/p>\n<p style=\"font-weight: 400;\">\u00a0Notas de Fondo: Almizcle, Amberwood, S\u00e1ndalo<\/p>\n<p style=\"font-weight: 400;\">No testeado en Animales<\/p>\n<p>&nbsp;<\/p>\n<p style=\"font-weight: 400;\">TOY 2 MOSCHINO, Un perfume refrescante y dulce con una sensaci\u00f3n de limpieza que te transporta a un mundo de sofisticaci\u00f3n y elegancia. Su aroma refleja la esencia del placer y \u00e9l entusiasmo, que har\u00e1n de ella tu fragancia favorita. Ideal para usarse en el d\u00eda a d\u00eda<\/p>\n","protected":false},"excerpt":{"rendered":"<p>calidad\u00a0<em><strong>AAA 1.1<\/strong><\/em><\/p>\n<p>TOY 2 MOSCHINO, Un perfume refrescante y dulce con una sensaci\u00f3n de limpieza que te transporta a un mundo de sofisticaci\u00f3n y elegancia. Su aroma refleja la esencia del placer y \u00e9l entusiasmo, que har\u00e1n de ella tu fragancia favorita.<\/p>\n","protected":false},"featured_media":5251,"template":"","meta":[],"product_cat":[41],"product_tag":[],"_links":{"self":[{"href":"https:\/\/grafity-eu.com\/web2\/wp-json\/wp\/v2\/product\/5250"}],"collection":[{"href":"https:\/\/grafity-eu.com\/web2\/wp-json\/wp\/v2\/product"}],"about":[{"href":"https:\/\/grafity-eu.com\/web2\/wp-json\/wp\/v2\/types\/product"}],"wp:featuredmedia":[{"embeddable":true,"href":"https:\/\/grafity-eu.com\/web2\/wp-json\/wp\/v2\/media\/5251"}],"wp:attachment":[{"href":"https:\/\/grafity-eu.com\/web2\/wp-json\/wp\/v2\/media?parent=5250"}],"wp:term":[{"taxonomy":"product_cat","embeddable":true,"href":"https:\/\/grafity-eu.com\/web2\/wp-json\/wp\/v2\/product_cat?post=5250"},{"taxonomy":"product_tag","embeddable":true,"href":"https:\/\/grafity-eu.com\/web2\/wp-json\/wp\/v2\/product_tag?post=5250"}],"curies":[{"name":"wp","href":"https:\/\/api.w.org\/{rel}","templated":true}]}}